{"id":48,"date":"2020-02-12T12:10:04","date_gmt":"2020-02-12T12:10:04","guid":{"rendered":"http:\/\/www.satalogistics.fi\/?page_id=48"},"modified":"2026-04-09T16:08:43","modified_gmt":"2026-04-09T13:08:43","slug":"etusivu","status":"publish","type":"page","link":"https:\/\/www.satalogistics.fi\/","title":{"rendered":"ETUSIVU"},"content":{"rendered":"\t\t<div data-elementor-type=\"wp-page\" data-elementor-id=\"48\" class=\"elementor elementor-48\">\n\t\t\t\t<div class=\"elementor-element elementor-element-a0afcef e-flex e-con-boxed e-con e-parent\" data-id=\"a0afcef\" data-element_type=\"container\" data-e-type=\"container\">\n\t\t\t\t\t<div class=\"e-con-inner\">\n\t\t\t\t<div class=\"elementor-element elementor-element-3f1f0f6 elementor-widget elementor-widget-text-editor\" data-id=\"3f1f0f6\" data-element_type=\"widget\" data-e-type=\"widget\" data-widget_type=\"text-editor.default\">\n\t\t\t\t<div class=\"elementor-widget-container\">\n\t\t\t\t\t\t\t\t\t<h2>Satakuntalainen logistiikkakumppanisi. Pid\u00e4mme py\u00f6r\u00e4t py\u00f6rim\u00e4ss\u00e4 ja tavaran liikkeess\u00e4 ilman turhaa s\u00e4\u00e4t\u00f6\u00e4.<\/h2>\t\t\t\t\t\t\t\t<\/div>\n\t\t\t\t<\/div>\n\t\t\t\t\t<\/div>\n\t\t\t\t<\/div>\n\t\t<div class=\"elementor-element elementor-element-ce1fe2a e-grid e-con-boxed e-con e-parent\" data-id=\"ce1fe2a\" data-element_type=\"container\" data-e-type=\"container\">\n\t\t\t\t\t<div class=\"e-con-inner\">\n\t\t\t\t<div class=\"elementor-element elementor-element-988c621 elementor-widget elementor-widget-image\" data-id=\"988c621\" data-element_type=\"widget\" data-e-type=\"widget\" data-widget_type=\"image.default\">\n\t\t\t\t<div class=\"elementor-widget-container\">\n\t\t\t\t\t\t\t\t\t\t\t\t\t\t\t<img fetchpriority=\"high\" decoding=\"async\" width=\"300\" height=\"300\" src=\"https:\/\/www.satalogistics.fi\/wp-content\/uploads\/2023\/10\/IMG_20230814_095233_3398439-300x300.jpg\" class=\"attachment-medium size-medium wp-image-629\" alt=\"\" srcset=\"https:\/\/www.satalogistics.fi\/wp-content\/uploads\/2023\/10\/IMG_20230814_095233_3398439-300x300.jpg 300w, https:\/\/www.satalogistics.fi\/wp-content\/uploads\/2023\/10\/IMG_20230814_095233_3398439-1024x1024.jpg 1024w, https:\/\/www.satalogistics.fi\/wp-content\/uploads\/2023\/10\/IMG_20230814_095233_3398439-150x150.jpg 150w\" sizes=\"(max-width: 300px) 100vw, 300px\" \/>\t\t\t\t\t\t\t\t\t\t\t\t\t\t\t<\/div>\n\t\t\t\t<\/div>\n\t\t\t\t<div class=\"elementor-element elementor-element-b9a33ca elementor-widget elementor-widget-text-editor\" data-id=\"b9a33ca\" data-element_type=\"widget\" data-e-type=\"widget\" data-widget_type=\"text-editor.default\">\n\t\t\t\t<div class=\"elementor-widget-container\">\n\t\t\t\t\t\t\t\t\t<p>Luotettavaa logistiikkaa S\u00e4kyl\u00e4st\u00e4 k\u00e4sin. Olipa kyseess\u00e4 katkeamatonta kylm\u00e4ketjua vaativa elintarvikekuorma, kiireellinen vientikontti tai teollisuuden rahti, me hoidamme sen perille. Nykyaikainen kalustomme ja tinkim\u00e4t\u00f6n huolellisuutemme takaavat, ett\u00e4 kuormasi on parhaissa mahdollisissa k\u00e4siss\u00e4.<\/p>\t\t\t\t\t\t\t\t<\/div>\n\t\t\t\t<\/div>\n\t\t\t\t\t<\/div>\n\t\t\t\t<\/div>\n\t\t\t\t<\/div>\n\t\t","protected":false},"excerpt":{"rendered":"<p>Satakuntalainen logistiikkakumppanisi. Pid\u00e4mme py\u00f6r\u00e4t py\u00f6rim\u00e4ss\u00e4 ja tavaran liikkeess\u00e4 ilman turhaa s\u00e4\u00e4t\u00f6\u00e4. Luotettavaa logistiikkaa S\u00e4kyl\u00e4st\u00e4 k\u00e4sin. Olipa kyseess\u00e4 katkeamatonta kylm\u00e4ketjua vaativa [&hellip;]<\/p>\n","protected":false},"author":1,"featured_media":0,"parent":0,"menu_order":0,"comment_status":"closed","ping_status":"closed","template":"","meta":{"site-sidebar-layout":"default","site-content-layout":"","ast-site-content-layout":"default","site-content-style":"default","site-sidebar-style":"default","ast-global-header-display":"","ast-banner-title-visibility":"","ast-main-header-display":"","ast-hfb-above-header-display":"","ast-hfb-below-header-display":"","ast-hfb-mobile-header-display":"","site-post-title":"disabled","ast-breadcrumbs-content":"","ast-featured-img":"","footer-sml-layout":"","ast-disable-related-posts":"","theme-transparent-header-meta":"","adv-header-id-meta":"","stick-header-meta":"","header-above-stick-meta":"","header-main-stick-meta":"","header-below-stick-meta":"","astra-migrate-meta-layouts":"default","ast-page-background-enabled":"default","ast-page-background-meta":{"desktop":{"background-color":"var(--ast-global-color-5)","background-image":"","background-repeat":"repeat","background-position":"center center","background-size":"auto","background-attachment":"scroll","background-type":"","background-media":"","overlay-type":"","overlay-color":"","overlay-opacity":"","overlay-gradient":""},"tablet":{"background-color":"","background-image":"","background-repeat":"repeat","background-position":"center center","background-size":"auto","background-attachment":"scroll","background-type":"","background-media":"","overlay-type":"","overlay-color":"","overlay-opacity":"","overlay-gradient":""},"mobile":{"background-color":"","background-image":"","background-repeat":"repeat","background-position":"center center","background-size":"auto","background-attachment":"scroll","background-type":"","background-media":"","overlay-type":"","overlay-color":"","overlay-opacity":"","overlay-gradient":""}},"ast-content-background-meta":{"desktop":{"background-color":"var(--ast-global-color-4)","background-image":"","background-repeat":"repeat","background-position":"center center","background-size":"auto","background-attachment":"scroll","background-type":"","background-media":"","overlay-type":"","overlay-color":"","overlay-opacity":"","overlay-gradient":""},"tablet":{"background-color":"var(--ast-global-color-4)","background-image":"","background-repeat":"repeat","background-position":"center center","background-size":"auto","background-attachment":"scroll","background-type":"","background-media":"","overlay-type":"","overlay-color":"","overlay-opacity":"","overlay-gradient":""},"mobile":{"background-color":"var(--ast-global-color-4)","background-image":"","background-repeat":"repeat","background-position":"center center","background-size":"auto","background-attachment":"scroll","background-type":"","background-media":"","overlay-type":"","overlay-color":"","overlay-opacity":"","overlay-gradient":""}},"footnotes":""},"class_list":["post-48","page","type-page","status-publish","hentry"],"yoast_head":"<!-- This site is optimized with the Yoast SEO plugin v27.3 - https:\/\/yoast.com\/product\/yoast-seo-wordpress\/ -->\n<title>ETUSIVU -<\/title>\n<meta name=\"robots\" content=\"index, follow, max-snippet:-1, max-image-preview:large, max-video-preview:-1\" \/>\n<link rel=\"canonical\" href=\"https:\/\/www.satalogistics.fi\/\" \/>\n<meta property=\"og:locale\" content=\"fi_FI\" \/>\n<meta property=\"og:type\" content=\"article\" \/>\n<meta property=\"og:title\" content=\"ETUSIVU -\" \/>\n<meta property=\"og:description\" content=\"Satakuntalainen logistiikkakumppanisi. Pid\u00e4mme py\u00f6r\u00e4t py\u00f6rim\u00e4ss\u00e4 ja tavaran liikkeess\u00e4 ilman turhaa s\u00e4\u00e4t\u00f6\u00e4. Luotettavaa logistiikkaa S\u00e4kyl\u00e4st\u00e4 k\u00e4sin. Olipa kyseess\u00e4 katkeamatonta kylm\u00e4ketjua vaativa [&hellip;]\" \/>\n<meta property=\"og:url\" content=\"https:\/\/www.satalogistics.fi\/\" \/>\n<meta property=\"article:modified_time\" content=\"2026-04-09T13:08:43+00:00\" \/>\n<meta property=\"og:image\" content=\"https:\/\/www.satalogistics.fi\/wp-content\/uploads\/2023\/10\/IMG_20230814_095233_3398439-300x300.jpg\" \/>\n<meta name=\"twitter:card\" content=\"summary_large_image\" \/>\n<meta name=\"twitter:label1\" content=\"Arvioitu lukuaika\" \/>\n\t<meta name=\"twitter:data1\" content=\"1 minuutti\" \/>\n<script type=\"application\/ld+json\" class=\"yoast-schema-graph\">{\"@context\":\"https:\\\/\\\/schema.org\",\"@graph\":[{\"@type\":\"WebPage\",\"@id\":\"https:\\\/\\\/www.satalogistics.fi\\\/\",\"url\":\"https:\\\/\\\/www.satalogistics.fi\\\/\",\"name\":\"ETUSIVU -\",\"isPartOf\":{\"@id\":\"https:\\\/\\\/www.satalogistics.fi\\\/#website\"},\"primaryImageOfPage\":{\"@id\":\"https:\\\/\\\/www.satalogistics.fi\\\/#primaryimage\"},\"image\":{\"@id\":\"https:\\\/\\\/www.satalogistics.fi\\\/#primaryimage\"},\"thumbnailUrl\":\"https:\\\/\\\/www.satalogistics.fi\\\/wp-content\\\/uploads\\\/2023\\\/10\\\/IMG_20230814_095233_3398439-300x300.jpg\",\"datePublished\":\"2020-02-12T12:10:04+00:00\",\"dateModified\":\"2026-04-09T13:08:43+00:00\",\"breadcrumb\":{\"@id\":\"https:\\\/\\\/www.satalogistics.fi\\\/#breadcrumb\"},\"inLanguage\":\"fi\",\"potentialAction\":[{\"@type\":\"ReadAction\",\"target\":[\"https:\\\/\\\/www.satalogistics.fi\\\/\"]}]},{\"@type\":\"ImageObject\",\"inLanguage\":\"fi\",\"@id\":\"https:\\\/\\\/www.satalogistics.fi\\\/#primaryimage\",\"url\":\"https:\\\/\\\/www.satalogistics.fi\\\/wp-content\\\/uploads\\\/2023\\\/10\\\/IMG_20230814_095233_3398439.jpg\",\"contentUrl\":\"https:\\\/\\\/www.satalogistics.fi\\\/wp-content\\\/uploads\\\/2023\\\/10\\\/IMG_20230814_095233_3398439.jpg\",\"width\":2465,\"height\":2465},{\"@type\":\"BreadcrumbList\",\"@id\":\"https:\\\/\\\/www.satalogistics.fi\\\/#breadcrumb\",\"itemListElement\":[{\"@type\":\"ListItem\",\"position\":1,\"name\":\"Etusivu\",\"item\":\"https:\\\/\\\/www.satalogistics.fi\\\/\"},{\"@type\":\"ListItem\",\"position\":2,\"name\":\"ETUSIVU\"}]},{\"@type\":\"WebSite\",\"@id\":\"https:\\\/\\\/www.satalogistics.fi\\\/#website\",\"url\":\"https:\\\/\\\/www.satalogistics.fi\\\/\",\"name\":\"\",\"description\":\"Luotettavaa ja t\u00e4sm\u00e4llist\u00e4 kuljetuspalvelua yrityksille. Satalogistics tarjoaa joustavat toimitukset, selke\u00e4n viestinn\u00e4n ja sujuvan yhteisty\u00f6n Satakunnassa ja koko Suomessa.\",\"potentialAction\":[{\"@type\":\"SearchAction\",\"target\":{\"@type\":\"EntryPoint\",\"urlTemplate\":\"https:\\\/\\\/www.satalogistics.fi\\\/?s={search_term_string}\"},\"query-input\":{\"@type\":\"PropertyValueSpecification\",\"valueRequired\":true,\"valueName\":\"search_term_string\"}}],\"inLanguage\":\"fi\"}]}<\/script>\n<!-- \/ Yoast SEO plugin. -->","yoast_head_json":{"title":"ETUSIVU -","robots":{"index":"index","follow":"follow","max-snippet":"max-snippet:-1","max-image-preview":"max-image-preview:large","max-video-preview":"max-video-preview:-1"},"canonical":"https:\/\/www.satalogistics.fi\/","og_locale":"fi_FI","og_type":"article","og_title":"ETUSIVU -","og_description":"Satakuntalainen logistiikkakumppanisi. Pid\u00e4mme py\u00f6r\u00e4t py\u00f6rim\u00e4ss\u00e4 ja tavaran liikkeess\u00e4 ilman turhaa s\u00e4\u00e4t\u00f6\u00e4. Luotettavaa logistiikkaa S\u00e4kyl\u00e4st\u00e4 k\u00e4sin. Olipa kyseess\u00e4 katkeamatonta kylm\u00e4ketjua vaativa [&hellip;]","og_url":"https:\/\/www.satalogistics.fi\/","article_modified_time":"2026-04-09T13:08:43+00:00","og_image":[{"url":"https:\/\/www.satalogistics.fi\/wp-content\/uploads\/2023\/10\/IMG_20230814_095233_3398439-300x300.jpg","type":"","width":"","height":""}],"twitter_card":"summary_large_image","twitter_misc":{"Arvioitu lukuaika":"1 minuutti"},"schema":{"@context":"https:\/\/schema.org","@graph":[{"@type":"WebPage","@id":"https:\/\/www.satalogistics.fi\/","url":"https:\/\/www.satalogistics.fi\/","name":"ETUSIVU -","isPartOf":{"@id":"https:\/\/www.satalogistics.fi\/#website"},"primaryImageOfPage":{"@id":"https:\/\/www.satalogistics.fi\/#primaryimage"},"image":{"@id":"https:\/\/www.satalogistics.fi\/#primaryimage"},"thumbnailUrl":"https:\/\/www.satalogistics.fi\/wp-content\/uploads\/2023\/10\/IMG_20230814_095233_3398439-300x300.jpg","datePublished":"2020-02-12T12:10:04+00:00","dateModified":"2026-04-09T13:08:43+00:00","breadcrumb":{"@id":"https:\/\/www.satalogistics.fi\/#breadcrumb"},"inLanguage":"fi","potentialAction":[{"@type":"ReadAction","target":["https:\/\/www.satalogistics.fi\/"]}]},{"@type":"ImageObject","inLanguage":"fi","@id":"https:\/\/www.satalogistics.fi\/#primaryimage","url":"https:\/\/www.satalogistics.fi\/wp-content\/uploads\/2023\/10\/IMG_20230814_095233_3398439.jpg","contentUrl":"https:\/\/www.satalogistics.fi\/wp-content\/uploads\/2023\/10\/IMG_20230814_095233_3398439.jpg","width":2465,"height":2465},{"@type":"BreadcrumbList","@id":"https:\/\/www.satalogistics.fi\/#breadcrumb","itemListElement":[{"@type":"ListItem","position":1,"name":"Etusivu","item":"https:\/\/www.satalogistics.fi\/"},{"@type":"ListItem","position":2,"name":"ETUSIVU"}]},{"@type":"WebSite","@id":"https:\/\/www.satalogistics.fi\/#website","url":"https:\/\/www.satalogistics.fi\/","name":"","description":"Luotettavaa ja t\u00e4sm\u00e4llist\u00e4 kuljetuspalvelua yrityksille. Satalogistics tarjoaa joustavat toimitukset, selke\u00e4n viestinn\u00e4n ja sujuvan yhteisty\u00f6n Satakunnassa ja koko Suomessa.","potentialAction":[{"@type":"SearchAction","target":{"@type":"EntryPoint","urlTemplate":"https:\/\/www.satalogistics.fi\/?s={search_term_string}"},"query-input":{"@type":"PropertyValueSpecification","valueRequired":true,"valueName":"search_term_string"}}],"inLanguage":"fi"}]}},"_links":{"self":[{"href":"https:\/\/www.satalogistics.fi\/index.php\/wp-json\/wp\/v2\/pages\/48","targetHints":{"allow":["GET"]}}],"collection":[{"href":"https:\/\/www.satalogistics.fi\/index.php\/wp-json\/wp\/v2\/pages"}],"about":[{"href":"https:\/\/www.satalogistics.fi\/index.php\/wp-json\/wp\/v2\/types\/page"}],"author":[{"embeddable":true,"href":"https:\/\/www.satalogistics.fi\/index.php\/wp-json\/wp\/v2\/users\/1"}],"replies":[{"embeddable":true,"href":"https:\/\/www.satalogistics.fi\/index.php\/wp-json\/wp\/v2\/comments?post=48"}],"version-history":[{"count":219,"href":"https:\/\/www.satalogistics.fi\/index.php\/wp-json\/wp\/v2\/pages\/48\/revisions"}],"predecessor-version":[{"id":1466,"href":"https:\/\/www.satalogistics.fi\/index.php\/wp-json\/wp\/v2\/pages\/48\/revisions\/1466"}],"wp:attachment":[{"href":"https:\/\/www.satalogistics.fi\/index.php\/wp-json\/wp\/v2\/media?parent=48"}],"curies":[{"name":"wp","href":"https:\/\/api.w.org\/{rel}","templated":true}]}}