{"id":28,"date":"2020-03-08T09:01:50","date_gmt":"2020-03-08T09:01:50","guid":{"rendered":"http:\/\/www.satalogistics.fi\/?page_id=28"},"modified":"2026-04-09T17:36:07","modified_gmt":"2026-04-09T14:36:07","slug":"yhteystiedot","status":"publish","type":"page","link":"https:\/\/www.satalogistics.fi\/index.php\/yhteystiedot\/","title":{"rendered":"OTA YHTEYTT\u00c4"},"content":{"rendered":"\t\t<div data-elementor-type=\"wp-page\" data-elementor-id=\"28\" class=\"elementor elementor-28\">\n\t\t\t\t\t\t<section class=\"elementor-section elementor-top-section elementor-element elementor-element-c48d62e elementor-section-boxed elementor-section-height-default elementor-section-height-default\" data-id=\"c48d62e\" data-element_type=\"section\" data-e-type=\"section\" data-settings=\"{&quot;background_background&quot;:&quot;gradient&quot;}\">\n\t\t\t\t\t\t<div class=\"elementor-container elementor-column-gap-default\">\n\t\t\t\t\t<div class=\"elementor-column elementor-col-100 elementor-top-column elementor-element elementor-element-29ddcce\" data-id=\"29ddcce\" data-element_type=\"column\" data-e-type=\"column\">\n\t\t\t<div class=\"elementor-widget-wrap elementor-element-populated\">\n\t\t\t\t\t\t<div class=\"elementor-element elementor-element-6e44df1 elementor-widget elementor-widget-text-editor\" data-id=\"6e44df1\" data-element_type=\"widget\" data-e-type=\"widget\" data-widget_type=\"text-editor.default\">\n\t\t\t\t<div class=\"elementor-widget-container\">\n\t\t\t\t\t\t\t\t\t<h2>Ota yhteytt\u00e4 \u2013 Laitetaan logistiikkasi kerralla kuntoon.<\/h2><p>\u00a0<\/p>\t\t\t\t\t\t\t\t<\/div>\n\t\t\t\t<\/div>\n\t\t\t\t\t<\/div>\n\t\t<\/div>\n\t\t\t\t\t<\/div>\n\t\t<\/section>\n\t\t<div class=\"elementor-element elementor-element-39b9ea9 e-flex e-con-boxed e-con e-parent\" data-id=\"39b9ea9\" data-element_type=\"container\" data-e-type=\"container\">\n\t\t\t\t\t<div class=\"e-con-inner\">\n\t\t\t\t\t<\/div>\n\t\t\t\t<\/div>\n\t\t<div class=\"elementor-element elementor-element-6584dee e-grid e-con-boxed e-con e-parent\" data-id=\"6584dee\" data-element_type=\"container\" data-e-type=\"container\" data-settings=\"{&quot;background_background&quot;:&quot;gradient&quot;}\">\n\t\t\t\t\t<div class=\"e-con-inner\">\n\t\t\t\t<div class=\"elementor-element elementor-element-6262ae8 elementor-widget elementor-widget-shortcode\" data-id=\"6262ae8\" data-element_type=\"widget\" data-e-type=\"widget\" data-widget_type=\"shortcode.default\">\n\t\t\t\t<div class=\"elementor-widget-container\">\n\t\t\t\t\t\t\t<div class=\"elementor-shortcode\">\n<div class=\"wpcf7 no-js\" id=\"wpcf7-f1220-o1\" lang=\"fi\" dir=\"ltr\" data-wpcf7-id=\"1220\">\n<div class=\"screen-reader-response\"><p role=\"status\" aria-live=\"polite\" aria-atomic=\"true\"><\/p> <ul><\/ul><\/div>\n<form action=\"\/index.php\/wp-json\/wp\/v2\/pages\/28#wpcf7-f1220-o1\" method=\"post\" class=\"wpcf7-form init\" aria-label=\"Yhteydenottolomake\" novalidate=\"novalidate\" data-status=\"init\">\n<fieldset class=\"hidden-fields-container\"><input type=\"hidden\" name=\"_wpcf7\" value=\"1220\" \/><input type=\"hidden\" name=\"_wpcf7_version\" value=\"6.1.5\" \/><input type=\"hidden\" name=\"_wpcf7_locale\" value=\"fi\" \/><input type=\"hidden\" name=\"_wpcf7_unit_tag\" value=\"wpcf7-f1220-o1\" \/><input type=\"hidden\" name=\"_wpcf7_container_post\" value=\"0\" \/><input type=\"hidden\" name=\"_wpcf7_posted_data_hash\" value=\"\" \/>\n<\/fieldset>\n<p><label> Nimi<br \/>\n<span class=\"wpcf7-form-control-wrap\" data-name=\"your-name\"><input size=\"40\" maxlength=\"400\" class=\"wpcf7-form-control wpcf7-text wpcf7-validates-as-required\" autocomplete=\"name\" aria-required=\"true\" aria-invalid=\"false\" value=\"\" type=\"text\" name=\"your-name\" \/><\/span><br \/>\n<\/label>\n<\/p>\n<p><label> Puhelinnumero<br \/>\n<span class=\"wpcf7-form-control-wrap\" data-name=\"your-phone\"><input size=\"40\" maxlength=\"400\" class=\"wpcf7-form-control wpcf7-tel wpcf7-validates-as-required wpcf7-text wpcf7-validates-as-tel\" autocomplete=\"tel\" aria-required=\"true\" aria-invalid=\"false\" value=\"\" type=\"tel\" name=\"your-phone\" \/><\/span><br \/>\n<\/label>\n<\/p>\n<p><label> S\u00e4hk\u00f6posti<br \/>\n<span class=\"wpcf7-form-control-wrap\" data-name=\"your-email\"><input size=\"40\" maxlength=\"400\" class=\"wpcf7-form-control wpcf7-email wpcf7-validates-as-required wpcf7-text wpcf7-validates-as-email\" autocomplete=\"email\" aria-required=\"true\" aria-invalid=\"false\" value=\"\" type=\"email\" name=\"your-email\" \/><\/span><br \/>\n<\/label>\n<\/p>\n<p><label> Viesti<br \/>\n<span class=\"wpcf7-form-control-wrap\" data-name=\"your-message\"><textarea cols=\"40\" rows=\"10\" maxlength=\"2000\" class=\"wpcf7-form-control wpcf7-textarea\" aria-invalid=\"false\" name=\"your-message\"><\/textarea><\/span><br \/>\n<\/label>\n<\/p>\n<p><input class=\"wpcf7-form-control wpcf7-submit has-spinner\" type=\"submit\" value=\"L\u00e4het\u00e4 viesti\" \/>\n<\/p><div class=\"wpcf7-response-output\" aria-hidden=\"true\"><\/div>\n<\/form>\n<\/div>\n\n<\/div>\n\t\t\t\t\t\t<\/div>\n\t\t\t\t<\/div>\n\t\t\t\t\t<\/div>\n\t\t\t\t<\/div>\n\t\t<div class=\"elementor-element elementor-element-045ddc7 e-flex e-con-boxed e-con e-parent\" data-id=\"045ddc7\" data-element_type=\"container\" data-e-type=\"container\">\n\t\t\t\t\t<div class=\"e-con-inner\">\n\t\t\t\t<div class=\"elementor-element elementor-element-db25354 elementor-widget elementor-widget-image\" data-id=\"db25354\" data-element_type=\"widget\" data-e-type=\"widget\" data-widget_type=\"image.default\">\n\t\t\t\t<div class=\"elementor-widget-container\">\n\t\t\t\t\t\t\t\t\t\t\t\t\t\t\t<img decoding=\"async\" src=\"https:\/\/www.satalogistics.fi\/wp-content\/plugins\/elementor\/assets\/images\/placeholder.png\" title=\"\" alt=\"\" loading=\"lazy\" \/>\t\t\t\t\t\t\t\t\t\t\t\t\t\t\t<\/div>\n\t\t\t\t<\/div>\n\t\t\t\t\t<\/div>\n\t\t\t\t<\/div>\n\t\t\t\t<\/div>\n\t\t","protected":false},"excerpt":{"rendered":"<p>Ota yhteytt\u00e4 \u2013 Laitetaan logistiikkasi kerralla kuntoon. \u00a0<\/p>\n","protected":false},"author":1,"featured_media":0,"parent":0,"menu_order":0,"comment_status":"closed","ping_status":"closed","template":"","meta":{"site-sidebar-layout":"default","site-content-layout":"","ast-site-content-layout":"default","site-content-style":"default","site-sidebar-style":"default","ast-global-header-display":"","ast-banner-title-visibility":"","ast-main-header-display":"","ast-hfb-above-header-display":"","ast-hfb-below-header-display":"","ast-hfb-mobile-header-display":"","site-post-title":"disabled","ast-breadcrumbs-content":"","ast-featured-img":"","footer-sml-layout":"","ast-disable-related-posts":"","theme-transparent-header-meta":"","adv-header-id-meta":"","stick-header-meta":"","header-above-stick-meta":"","header-main-stick-meta":"","header-below-stick-meta":"","astra-migrate-meta-layouts":"default","ast-page-background-enabled":"default","ast-page-background-meta":{"desktop":{"background-color":"var(--ast-global-color-5)","background-image":"","background-repeat":"repeat","background-position":"center center","background-size":"auto","background-attachment":"scroll","background-type":"","background-media":"","overlay-type":"","overlay-color":"","overlay-opacity":"","overlay-gradient":""},"tablet":{"background-color":"","background-image":"","background-repeat":"repeat","background-position":"center center","background-size":"auto","background-attachment":"scroll","background-type":"","background-media":"","overlay-type":"","overlay-color":"","overlay-opacity":"","overlay-gradient":""},"mobile":{"background-color":"","background-image":"","background-repeat":"repeat","background-position":"center center","background-size":"auto","background-attachment":"scroll","background-type":"","background-media":"","overlay-type":"","overlay-color":"","overlay-opacity":"","overlay-gradient":""}},"ast-content-background-meta":{"desktop":{"background-color":"var(--ast-global-color-4)","background-image":"","background-repeat":"repeat","background-position":"center center","background-size":"auto","background-attachment":"scroll","background-type":"","background-media":"","overlay-type":"","overlay-color":"","overlay-opacity":"","overlay-gradient":""},"tablet":{"background-color":"var(--ast-global-color-4)","background-image":"","background-repeat":"repeat","background-position":"center center","background-size":"auto","background-attachment":"scroll","background-type":"","background-media":"","overlay-type":"","overlay-color":"","overlay-opacity":"","overlay-gradient":""},"mobile":{"background-color":"var(--ast-global-color-4)","background-image":"","background-repeat":"repeat","background-position":"center center","background-size":"auto","background-attachment":"scroll","background-type":"","background-media":"","overlay-type":"","overlay-color":"","overlay-opacity":"","overlay-gradient":""}},"footnotes":""},"class_list":["post-28","page","type-page","status-publish","hentry"],"yoast_head":"<!-- This site is optimized with the Yoast SEO plugin v27.3 - https:\/\/yoast.com\/product\/yoast-seo-wordpress\/ -->\n<title>OTA YHTEYTT\u00c4 -<\/title>\n<meta name=\"description\" content=\"Kuljetus logistiikka kuljetusliike kuljetuspalvelu tavarankuljetus liikenne tavaraliikenne kuorma-auto pakettiauto pikakuljetus\" \/>\n<meta name=\"robots\" content=\"index, follow, max-snippet:-1, max-image-preview:large, max-video-preview:-1\" \/>\n<link rel=\"canonical\" href=\"https:\/\/www.satalogistics.fi\/index.php\/yhteystiedot\/\" \/>\n<meta property=\"og:locale\" content=\"fi_FI\" \/>\n<meta property=\"og:type\" content=\"article\" \/>\n<meta property=\"og:title\" content=\"OTA YHTEYTT\u00c4 -\" \/>\n<meta property=\"og:description\" content=\"Kuljetus logistiikka kuljetusliike kuljetuspalvelu tavarankuljetus liikenne tavaraliikenne kuorma-auto pakettiauto pikakuljetus\" \/>\n<meta property=\"og:url\" content=\"https:\/\/www.satalogistics.fi\/index.php\/yhteystiedot\/\" \/>\n<meta property=\"article:modified_time\" content=\"2026-04-09T14:36:07+00:00\" \/>\n<meta property=\"og:image\" content=\"https:\/\/www.satalogistics.fi\/wp-content\/plugins\/elementor\/assets\/images\/placeholder.png\" \/>\n<meta name=\"twitter:card\" content=\"summary_large_image\" \/>\n<meta name=\"twitter:label1\" content=\"Arvioitu lukuaika\" \/>\n\t<meta name=\"twitter:data1\" content=\"1 minuutti\" \/>\n<script type=\"application\/ld+json\" class=\"yoast-schema-graph\">{\"@context\":\"https:\\\/\\\/schema.org\",\"@graph\":[{\"@type\":\"WebPage\",\"@id\":\"https:\\\/\\\/www.satalogistics.fi\\\/index.php\\\/yhteystiedot\\\/\",\"url\":\"https:\\\/\\\/www.satalogistics.fi\\\/index.php\\\/yhteystiedot\\\/\",\"name\":\"OTA YHTEYTT\u00c4 -\",\"isPartOf\":{\"@id\":\"https:\\\/\\\/www.satalogistics.fi\\\/#website\"},\"primaryImageOfPage\":{\"@id\":\"https:\\\/\\\/www.satalogistics.fi\\\/index.php\\\/yhteystiedot\\\/#primaryimage\"},\"image\":{\"@id\":\"https:\\\/\\\/www.satalogistics.fi\\\/index.php\\\/yhteystiedot\\\/#primaryimage\"},\"thumbnailUrl\":\"https:\\\/\\\/www.satalogistics.fi\\\/wp-content\\\/plugins\\\/elementor\\\/assets\\\/images\\\/placeholder.png\",\"datePublished\":\"2020-03-08T09:01:50+00:00\",\"dateModified\":\"2026-04-09T14:36:07+00:00\",\"description\":\"Kuljetus logistiikka kuljetusliike kuljetuspalvelu tavarankuljetus liikenne tavaraliikenne kuorma-auto pakettiauto pikakuljetus\",\"breadcrumb\":{\"@id\":\"https:\\\/\\\/www.satalogistics.fi\\\/index.php\\\/yhteystiedot\\\/#breadcrumb\"},\"inLanguage\":\"fi\",\"potentialAction\":[{\"@type\":\"ReadAction\",\"target\":[\"https:\\\/\\\/www.satalogistics.fi\\\/index.php\\\/yhteystiedot\\\/\"]}]},{\"@type\":\"ImageObject\",\"inLanguage\":\"fi\",\"@id\":\"https:\\\/\\\/www.satalogistics.fi\\\/index.php\\\/yhteystiedot\\\/#primaryimage\",\"url\":\"https:\\\/\\\/www.satalogistics.fi\\\/wp-content\\\/plugins\\\/elementor\\\/assets\\\/images\\\/placeholder.png\",\"contentUrl\":\"https:\\\/\\\/www.satalogistics.fi\\\/wp-content\\\/plugins\\\/elementor\\\/assets\\\/images\\\/placeholder.png\"},{\"@type\":\"BreadcrumbList\",\"@id\":\"https:\\\/\\\/www.satalogistics.fi\\\/index.php\\\/yhteystiedot\\\/#breadcrumb\",\"itemListElement\":[{\"@type\":\"ListItem\",\"position\":1,\"name\":\"Etusivu\",\"item\":\"https:\\\/\\\/www.satalogistics.fi\\\/\"},{\"@type\":\"ListItem\",\"position\":2,\"name\":\"OTA YHTEYTT\u00c4\"}]},{\"@type\":\"WebSite\",\"@id\":\"https:\\\/\\\/www.satalogistics.fi\\\/#website\",\"url\":\"https:\\\/\\\/www.satalogistics.fi\\\/\",\"name\":\"\",\"description\":\"Luotettavaa ja t\u00e4sm\u00e4llist\u00e4 kuljetuspalvelua yrityksille. Satalogistics tarjoaa joustavat toimitukset, selke\u00e4n viestinn\u00e4n ja sujuvan yhteisty\u00f6n Satakunnassa ja koko Suomessa.\",\"potentialAction\":[{\"@type\":\"SearchAction\",\"target\":{\"@type\":\"EntryPoint\",\"urlTemplate\":\"https:\\\/\\\/www.satalogistics.fi\\\/?s={search_term_string}\"},\"query-input\":{\"@type\":\"PropertyValueSpecification\",\"valueRequired\":true,\"valueName\":\"search_term_string\"}}],\"inLanguage\":\"fi\"}]}<\/script>\n<!-- \/ Yoast SEO plugin. -->","yoast_head_json":{"title":"OTA YHTEYTT\u00c4 -","description":"Kuljetus logistiikka kuljetusliike kuljetuspalvelu tavarankuljetus liikenne tavaraliikenne kuorma-auto pakettiauto pikakuljetus","robots":{"index":"index","follow":"follow","max-snippet":"max-snippet:-1","max-image-preview":"max-image-preview:large","max-video-preview":"max-video-preview:-1"},"canonical":"https:\/\/www.satalogistics.fi\/index.php\/yhteystiedot\/","og_locale":"fi_FI","og_type":"article","og_title":"OTA YHTEYTT\u00c4 -","og_description":"Kuljetus logistiikka kuljetusliike kuljetuspalvelu tavarankuljetus liikenne tavaraliikenne kuorma-auto pakettiauto pikakuljetus","og_url":"https:\/\/www.satalogistics.fi\/index.php\/yhteystiedot\/","article_modified_time":"2026-04-09T14:36:07+00:00","og_image":[{"url":"https:\/\/www.satalogistics.fi\/wp-content\/plugins\/elementor\/assets\/images\/placeholder.png","type":"","width":"","height":""}],"twitter_card":"summary_large_image","twitter_misc":{"Arvioitu lukuaika":"1 minuutti"},"schema":{"@context":"https:\/\/schema.org","@graph":[{"@type":"WebPage","@id":"https:\/\/www.satalogistics.fi\/index.php\/yhteystiedot\/","url":"https:\/\/www.satalogistics.fi\/index.php\/yhteystiedot\/","name":"OTA YHTEYTT\u00c4 -","isPartOf":{"@id":"https:\/\/www.satalogistics.fi\/#website"},"primaryImageOfPage":{"@id":"https:\/\/www.satalogistics.fi\/index.php\/yhteystiedot\/#primaryimage"},"image":{"@id":"https:\/\/www.satalogistics.fi\/index.php\/yhteystiedot\/#primaryimage"},"thumbnailUrl":"https:\/\/www.satalogistics.fi\/wp-content\/plugins\/elementor\/assets\/images\/placeholder.png","datePublished":"2020-03-08T09:01:50+00:00","dateModified":"2026-04-09T14:36:07+00:00","description":"Kuljetus logistiikka kuljetusliike kuljetuspalvelu tavarankuljetus liikenne tavaraliikenne kuorma-auto pakettiauto pikakuljetus","breadcrumb":{"@id":"https:\/\/www.satalogistics.fi\/index.php\/yhteystiedot\/#breadcrumb"},"inLanguage":"fi","potentialAction":[{"@type":"ReadAction","target":["https:\/\/www.satalogistics.fi\/index.php\/yhteystiedot\/"]}]},{"@type":"ImageObject","inLanguage":"fi","@id":"https:\/\/www.satalogistics.fi\/index.php\/yhteystiedot\/#primaryimage","url":"https:\/\/www.satalogistics.fi\/wp-content\/plugins\/elementor\/assets\/images\/placeholder.png","contentUrl":"https:\/\/www.satalogistics.fi\/wp-content\/plugins\/elementor\/assets\/images\/placeholder.png"},{"@type":"BreadcrumbList","@id":"https:\/\/www.satalogistics.fi\/index.php\/yhteystiedot\/#breadcrumb","itemListElement":[{"@type":"ListItem","position":1,"name":"Etusivu","item":"https:\/\/www.satalogistics.fi\/"},{"@type":"ListItem","position":2,"name":"OTA YHTEYTT\u00c4"}]},{"@type":"WebSite","@id":"https:\/\/www.satalogistics.fi\/#website","url":"https:\/\/www.satalogistics.fi\/","name":"","description":"Luotettavaa ja t\u00e4sm\u00e4llist\u00e4 kuljetuspalvelua yrityksille. Satalogistics tarjoaa joustavat toimitukset, selke\u00e4n viestinn\u00e4n ja sujuvan yhteisty\u00f6n Satakunnassa ja koko Suomessa.","potentialAction":[{"@type":"SearchAction","target":{"@type":"EntryPoint","urlTemplate":"https:\/\/www.satalogistics.fi\/?s={search_term_string}"},"query-input":{"@type":"PropertyValueSpecification","valueRequired":true,"valueName":"search_term_string"}}],"inLanguage":"fi"}]}},"_links":{"self":[{"href":"https:\/\/www.satalogistics.fi\/index.php\/wp-json\/wp\/v2\/pages\/28","targetHints":{"allow":["GET"]}}],"collection":[{"href":"https:\/\/www.satalogistics.fi\/index.php\/wp-json\/wp\/v2\/pages"}],"about":[{"href":"https:\/\/www.satalogistics.fi\/index.php\/wp-json\/wp\/v2\/types\/page"}],"author":[{"embeddable":true,"href":"https:\/\/www.satalogistics.fi\/index.php\/wp-json\/wp\/v2\/users\/1"}],"replies":[{"embeddable":true,"href":"https:\/\/www.satalogistics.fi\/index.php\/wp-json\/wp\/v2\/comments?post=28"}],"version-history":[{"count":191,"href":"https:\/\/www.satalogistics.fi\/index.php\/wp-json\/wp\/v2\/pages\/28\/revisions"}],"predecessor-version":[{"id":1482,"href":"https:\/\/www.satalogistics.fi\/index.php\/wp-json\/wp\/v2\/pages\/28\/revisions\/1482"}],"wp:attachment":[{"href":"https:\/\/www.satalogistics.fi\/index.php\/wp-json\/wp\/v2\/media?parent=28"}],"curies":[{"name":"wp","href":"https:\/\/api.w.org\/{rel}","templated":true}]}}