{"id":26,"date":"2020-01-31T16:26:56","date_gmt":"2020-01-31T16:26:56","guid":{"rendered":"http:\/\/www.satalogistics.fi\/?page_id=26"},"modified":"2026-04-09T19:45:55","modified_gmt":"2026-04-09T16:45:55","slug":"kalusto","status":"publish","type":"page","link":"https:\/\/www.satalogistics.fi\/index.php\/kalusto\/","title":{"rendered":"KALUSTO"},"content":{"rendered":"\t\t<div data-elementor-type=\"wp-page\" data-elementor-id=\"26\" class=\"elementor elementor-26\">\n\t\t\t\t\t\t<section class=\"elementor-section elementor-top-section elementor-element elementor-element-755ffc46 elementor-section-boxed elementor-section-height-default elementor-section-height-default\" data-id=\"755ffc46\" data-element_type=\"section\" data-e-type=\"section\">\n\t\t\t\t\t\t<div class=\"elementor-container elementor-column-gap-default\">\n\t\t\t\t\t<div class=\"elementor-column elementor-col-100 elementor-top-column elementor-element elementor-element-42ca0cab\" data-id=\"42ca0cab\" data-element_type=\"column\" data-e-type=\"column\">\n\t\t\t<div class=\"elementor-widget-wrap elementor-element-populated\">\n\t\t\t\t\t\t<div class=\"elementor-element elementor-element-545c11a elementor-widget elementor-widget-text-editor\" data-id=\"545c11a\" data-element_type=\"widget\" data-e-type=\"widget\" data-widget_type=\"text-editor.default\">\n\t\t\t\t<div class=\"elementor-widget-container\">\n\t\t\t\t\t\t\t\t\t<h2>Modernia rautaa ja joustavaa kapasiteettia \u2013 aina rahdin ehdoilla.<\/h2>\t\t\t\t\t\t\t\t<\/div>\n\t\t\t\t<\/div>\n\t\t\t\t<div class=\"elementor-element elementor-element-48d0b531 elementor-widget__width-initial elementor-widget elementor-widget-text-editor\" data-id=\"48d0b531\" data-element_type=\"widget\" data-e-type=\"widget\" data-widget_type=\"text-editor.default\">\n\t\t\t\t<div class=\"elementor-widget-container\">\n\t\t\t\t\t\t\t\t\t<p data-path-to-node=\"8\">Satalogisticsin kalustofilosofia perustuu kahteen asiaan: ehdottomaan luotettavuuteen ja oikeanlaiseen ty\u00f6kaluun jokaista ajoa varten. Oma kalustomme on viritetty huippuunsa herk\u00e4n elintarvikerahdin tarpeisiin, ja laadukkaan kumppaniverkostomme kautta pystymme tarjoamaan juuri oikeanlaista veto- ja kuljetuskapasiteettia my\u00f6s laajoihin satama- ja teollisuusprojekteihin.<\/p><p data-path-to-node=\"9\">Vaadimme sek\u00e4 omalta ett\u00e4 verkostomme kalustolta moitteetonta teknist\u00e4 kuntoa, ensiluokkaista siisteytt\u00e4 ja nykyaikaisia p\u00e4\u00e4st\u00f6luokituksia.<\/p>\t\t\t\t\t\t\t\t<\/div>\n\t\t\t\t<\/div>\n\t\t\t\t<div class=\"elementor-element elementor-element-d34295d elementor-widget elementor-widget-image\" data-id=\"d34295d\" data-element_type=\"widget\" data-e-type=\"widget\" data-widget_type=\"image.default\">\n\t\t\t\t<div class=\"elementor-widget-container\">\n\t\t\t\t\t\t\t\t\t\t\t\t\t\t\t<img fetchpriority=\"high\" decoding=\"async\" width=\"768\" height=\"326\" src=\"https:\/\/www.satalogistics.fi\/wp-content\/uploads\/2024\/05\/cropped-IMG_20240503_121636_052-768x326.jpg\" class=\"attachment-medium_large size-medium_large wp-image-1075\" alt=\"\" srcset=\"https:\/\/www.satalogistics.fi\/wp-content\/uploads\/2024\/05\/cropped-IMG_20240503_121636_052-768x326.jpg 768w, https:\/\/www.satalogistics.fi\/wp-content\/uploads\/2024\/05\/cropped-IMG_20240503_121636_052-300x127.jpg 300w, https:\/\/www.satalogistics.fi\/wp-content\/uploads\/2024\/05\/cropped-IMG_20240503_121636_052-1024x435.jpg 1024w, https:\/\/www.satalogistics.fi\/wp-content\/uploads\/2024\/05\/cropped-IMG_20240503_121636_052-1536x653.jpg 1536w, https:\/\/www.satalogistics.fi\/wp-content\/uploads\/2024\/05\/cropped-IMG_20240503_121636_052-2048x870.jpg 2048w\" sizes=\"(max-width: 768px) 100vw, 768px\" \/>\t\t\t\t\t\t\t\t\t\t\t\t\t\t\t<\/div>\n\t\t\t\t<\/div>\n\t\t\t\t<div class=\"elementor-element elementor-element-6c5413b elementor-widget elementor-widget-text-editor\" data-id=\"6c5413b\" data-element_type=\"widget\" data-e-type=\"widget\" data-widget_type=\"text-editor.default\">\n\t\t\t\t<div class=\"elementor-widget-container\">\n\t\t\t\t\t\t\t\t\t<h3 data-path-to-node=\"11\">\u00a0L\u00e4mp\u00f6s\u00e4\u00e4dellyt elintarvikekuljetukset<\/h3><p data-path-to-node=\"12\">Oma lippulaivamme ja ydinosaamisemme on raskaassa, mutta \u00e4\u00e4rimm\u00e4ist\u00e4 hell\u00e4varaisuutta vaativassa elintarvikeliikenteess\u00e4.<\/p><ul data-path-to-node=\"13\"><li><p data-path-to-node=\"13,0,0\"><b data-path-to-node=\"13,0,0\" data-index-in-node=\"0\">Vetoauto:<\/b>\u00a0Moderni ja v\u00e4h\u00e4p\u00e4\u00e4st\u00f6inen Volvo FH, joka tarjoaa pehme\u00e4n ja ennakoivan kyydin herkimm\u00e4llekin rahdille.<\/p><\/li><li><p data-path-to-node=\"13,1,0\"><b data-path-to-node=\"13,1,0\" data-index-in-node=\"0\">Kuormatilat:<\/b>\u00a0Huippulaadukkaat, l\u00e4mp\u00f6s\u00e4\u00e4dellyt -kuormatilat. Kalusto on suunniteltu pit\u00e4m\u00e4\u00e4n elintarvikkeiden kylm\u00e4ketju katkeamattomana ja suojaamaan rahtia t\u00e4rin\u00e4lt\u00e4 vaativissakin olosuhteissa.<\/p><\/li><li><p data-path-to-node=\"13,2,0\"><b data-path-to-node=\"13,2,0\" data-index-in-node=\"0\">Hygienia ja siisteys:<\/b>\u00a0Elintarvikeajoissa kaluston puhtaus on A ja O. Automme pest\u00e4\u00e4n ja huolletaan s\u00e4\u00e4nn\u00f6llisesti, jotta ne t\u00e4ytt\u00e4v\u00e4t elintarviketeollisuuden tiukimmatkin kriteerit.<\/p><\/li><\/ul>\t\t\t\t\t\t\t\t<\/div>\n\t\t\t\t<\/div>\n\t\t\t\t<div class=\"elementor-element elementor-element-3042f6c elementor-widget elementor-widget-text-editor\" data-id=\"3042f6c\" data-element_type=\"widget\" data-e-type=\"widget\" data-widget_type=\"text-editor.default\">\n\t\t\t\t<div class=\"elementor-widget-container\">\n\t\t\t\t\t\t\t\t\t<ul data-path-to-node=\"19\"><li><p data-path-to-node=\"19,2,0\"><b data-path-to-node=\"19,2,0\" data-index-in-node=\"0\">Lis\u00e4kapasiteetti l\u00e4mp\u00f6s\u00e4\u00e4dellyss\u00e4 liikenteess\u00e4:<\/b>\u00a0Kun kysynt\u00e4 ylitt\u00e4\u00e4 oman kalustomme rajat, verkostomme luotettavat elintarvikekuljetuksiin soveltuvat yhdistelm\u00e4t varmistavat, ett\u00e4 toimitukset jatkuvat viiveett\u00e4.<\/p><\/li><\/ul><p data-path-to-node=\"20\">Kaikki verkostomme autot ajavat Satalogisticsin tiukkojen laatu-, siisteys- ja asiakaspalvelustandardien mukaisesti.<\/p>\t\t\t\t\t\t\t\t<\/div>\n\t\t\t\t<\/div>\n\t\t\t\t\t<\/div>\n\t\t<\/div>\n\t\t\t\t\t<\/div>\n\t\t<\/section>\n\t\t<div class=\"elementor-element elementor-element-9bf7f8b e-grid e-con-boxed e-con e-parent\" data-id=\"9bf7f8b\" data-element_type=\"container\" data-e-type=\"container\">\n\t\t\t\t\t<div class=\"e-con-inner\">\n\t\t\t\t<div class=\"elementor-element elementor-element-ae39a14 elementor-widget elementor-widget-text-editor\" data-id=\"ae39a14\" data-element_type=\"widget\" data-e-type=\"widget\" data-widget_type=\"text-editor.default\">\n\t\t\t\t<div class=\"elementor-widget-container\">\n\t\t\t\t\t\t\t\t\t<h3 data-path-to-node=\"16\">Joustavaa kapasiteettia tarpeesi mukaan<\/h3><p data-path-to-node=\"17\">Kun volyymit kasvavat tai rahdin luonne muuttuu, Satalogisticsin kumppaniverkosto astuu kuvaan. Olemme verkostoituneet Lounais-Suomen luotettavimpien kuljetusyritt\u00e4jien kanssa, mik\u00e4 tarkoittaa, ett\u00e4 pystymme skaalaamaan kalustoa nopeasti asiakkaan tarpeiden mukaan.<\/p><p data-path-to-node=\"18\">Verkostomme kautta j\u00e4rjest\u00e4mme luotettavasti muun muassa:<\/p>\t\t\t\t\t\t\t\t<\/div>\n\t\t\t\t<\/div>\n\t\t\t\t<div class=\"elementor-element elementor-element-7134ae1 elementor-widget elementor-widget-text-editor\" data-id=\"7134ae1\" data-element_type=\"widget\" data-e-type=\"widget\" data-widget_type=\"text-editor.default\">\n\t\t\t\t<div class=\"elementor-widget-container\">\n\t\t\t\t\t\t\t\t\t<ul data-path-to-node=\"19\"><li><p data-path-to-node=\"19,0,0\"><b data-path-to-node=\"19,0,0\" data-index-in-node=\"0\">Konttialustat ja Gensetit:<\/b>\u00a0Kaikkien merikonttien (20\u2032, 40\u2032, 45\u2032) siirrot satamien ja tehtaiden v\u00e4lill\u00e4. Verkostostamme l\u00f6ytyy my\u00f6s generaattoreilla (genset) varustetut alustat pakastekonttien (reefer) katkeamattomaan kylm\u00e4ketjuun.<\/p><\/li><li><b data-path-to-node=\"19,1,0\" data-index-in-node=\"0\">Kapelliyhdistelm\u00e4t:<\/b>\u00a0Monipuolista ja nopeasti sivusta ja katosta lastattavaa tilaa teollisuuden ja kaupan kappaletavaralle.<\/li><\/ul>\t\t\t\t\t\t\t\t<\/div>\n\t\t\t\t<\/div>\n\t\t\t\t<div class=\"elementor-element elementor-element-edff6b3 elementor-widget elementor-widget-image\" data-id=\"edff6b3\" data-element_type=\"widget\" data-e-type=\"widget\" data-widget_type=\"image.default\">\n\t\t\t\t<div class=\"elementor-widget-container\">\n\t\t\t\t\t\t\t\t\t\t\t\t\t\t\t<img decoding=\"async\" width=\"300\" height=\"170\" src=\"https:\/\/www.satalogistics.fi\/wp-content\/uploads\/2026\/04\/Kontti-300x170.jpg\" class=\"attachment-medium size-medium wp-image-1441\" alt=\"\" srcset=\"https:\/\/www.satalogistics.fi\/wp-content\/uploads\/2026\/04\/Kontti-300x170.jpg 300w, https:\/\/www.satalogistics.fi\/wp-content\/uploads\/2026\/04\/Kontti-1024x582.jpg 1024w, https:\/\/www.satalogistics.fi\/wp-content\/uploads\/2026\/04\/Kontti-768x436.jpg 768w, https:\/\/www.satalogistics.fi\/wp-content\/uploads\/2026\/04\/Kontti.jpg 1352w\" sizes=\"(max-width: 300px) 100vw, 300px\" \/>\t\t\t\t\t\t\t\t\t\t\t\t\t\t\t<\/div>\n\t\t\t\t<\/div>\n\t\t\t\t<div class=\"elementor-element elementor-element-26d13ee elementor-widget elementor-widget-image\" data-id=\"26d13ee\" data-element_type=\"widget\" data-e-type=\"widget\" data-widget_type=\"image.default\">\n\t\t\t\t<div class=\"elementor-widget-container\">\n\t\t\t\t\t\t\t\t\t\t\t\t\t\t\t<img decoding=\"async\" width=\"300\" height=\"164\" src=\"https:\/\/www.satalogistics.fi\/wp-content\/uploads\/2026\/04\/Kapelli-300x164.jpg\" class=\"attachment-medium size-medium wp-image-1442\" alt=\"\" srcset=\"https:\/\/www.satalogistics.fi\/wp-content\/uploads\/2026\/04\/Kapelli-300x164.jpg 300w, https:\/\/www.satalogistics.fi\/wp-content\/uploads\/2026\/04\/Kapelli-1024x559.jpg 1024w, https:\/\/www.satalogistics.fi\/wp-content\/uploads\/2026\/04\/Kapelli-768x419.jpg 768w, https:\/\/www.satalogistics.fi\/wp-content\/uploads\/2026\/04\/Kapelli.jpg 1408w\" sizes=\"(max-width: 300px) 100vw, 300px\" \/>\t\t\t\t\t\t\t\t\t\t\t\t\t\t\t<\/div>\n\t\t\t\t<\/div>\n\t\t\t\t\t<\/div>\n\t\t\t\t<\/div>\n\t\t<div class=\"elementor-element elementor-element-f562f68 e-grid e-con-boxed e-con e-parent\" data-id=\"f562f68\" data-element_type=\"container\" data-e-type=\"container\">\n\t\t\t\t\t<div class=\"e-con-inner\">\n\t\t\t\t\t<\/div>\n\t\t\t\t<\/div>\n\t\t\t\t<\/div>\n\t\t","protected":false},"excerpt":{"rendered":"<p>Modernia rautaa ja joustavaa kapasiteettia \u2013 aina rahdin ehdoilla. Satalogisticsin kalustofilosofia perustuu kahteen asiaan: ehdottomaan luotettavuuteen ja oikeanlaiseen ty\u00f6kaluun jokaista [&hellip;]<\/p>\n","protected":false},"author":1,"featured_media":0,"parent":0,"menu_order":0,"comment_status":"closed","ping_status":"closed","template":"","meta":{"site-sidebar-layout":"default","site-content-layout":"","ast-site-content-layout":"default","site-content-style":"default","site-sidebar-style":"default","ast-global-header-display":"","ast-banner-title-visibility":"","ast-main-header-display":"","ast-hfb-above-header-display":"","ast-hfb-below-header-display":"","ast-hfb-mobile-header-display":"","site-post-title":"disabled","ast-breadcrumbs-content":"","ast-featured-img":"","footer-sml-layout":"","ast-disable-related-posts":"","theme-transparent-header-meta":"","adv-header-id-meta":"","stick-header-meta":"","header-above-stick-meta":"","header-main-stick-meta":"","header-below-stick-meta":"","astra-migrate-meta-layouts":"default","ast-page-background-enabled":"default","ast-page-background-meta":{"desktop":{"background-color":"var(--ast-global-color-5)","background-image":"","background-repeat":"repeat","background-position":"center center","background-size":"auto","background-attachment":"scroll","background-type":"","background-media":"","overlay-type":"","overlay-color":"","overlay-opacity":"","overlay-gradient":""},"tablet":{"background-color":"","background-image":"","background-repeat":"repeat","background-position":"center center","background-size":"auto","background-attachment":"scroll","background-type":"","background-media":"","overlay-type":"","overlay-color":"","overlay-opacity":"","overlay-gradient":""},"mobile":{"background-color":"","background-image":"","background-repeat":"repeat","background-position":"center center","background-size":"auto","background-attachment":"scroll","background-type":"","background-media":"","overlay-type":"","overlay-color":"","overlay-opacity":"","overlay-gradient":""}},"ast-content-background-meta":{"desktop":{"background-color":"var(--ast-global-color-4)","background-image":"","background-repeat":"repeat","background-position":"center center","background-size":"auto","background-attachment":"scroll","background-type":"","background-media":"","overlay-type":"","overlay-color":"","overlay-opacity":"","overlay-gradient":""},"tablet":{"background-color":"var(--ast-global-color-4)","background-image":"","background-repeat":"repeat","background-position":"center center","background-size":"auto","background-attachment":"scroll","background-type":"","background-media":"","overlay-type":"","overlay-color":"","overlay-opacity":"","overlay-gradient":""},"mobile":{"background-color":"var(--ast-global-color-4)","background-image":"","background-repeat":"repeat","background-position":"center center","background-size":"auto","background-attachment":"scroll","background-type":"","background-media":"","overlay-type":"","overlay-color":"","overlay-opacity":"","overlay-gradient":""}},"footnotes":""},"class_list":["post-26","page","type-page","status-publish","hentry"],"yoast_head":"<!-- This site is optimized with the Yoast SEO plugin v27.3 - https:\/\/yoast.com\/product\/yoast-seo-wordpress\/ -->\n<title>KALUSTO -<\/title>\n<meta name=\"description\" content=\"kalusto kuljetus logistiikka kuljetuspalvelu liikenn\u00f6inti logistiikka transport kuljetusliike logistics pikakuljetus sopimusliikenne\" \/>\n<meta name=\"robots\" content=\"index, follow, max-snippet:-1, max-image-preview:large, max-video-preview:-1\" \/>\n<link rel=\"canonical\" href=\"https:\/\/www.satalogistics.fi\/index.php\/kalusto\/\" \/>\n<meta property=\"og:locale\" content=\"fi_FI\" \/>\n<meta property=\"og:type\" content=\"article\" \/>\n<meta property=\"og:title\" content=\"KALUSTO -\" \/>\n<meta property=\"og:description\" content=\"kalusto kuljetus logistiikka kuljetuspalvelu liikenn\u00f6inti logistiikka transport kuljetusliike logistics pikakuljetus sopimusliikenne\" \/>\n<meta property=\"og:url\" content=\"https:\/\/www.satalogistics.fi\/index.php\/kalusto\/\" \/>\n<meta property=\"article:modified_time\" content=\"2026-04-09T16:45:55+00:00\" \/>\n<meta property=\"og:image\" content=\"https:\/\/www.satalogistics.fi\/wp-content\/uploads\/2024\/05\/cropped-IMG_20240503_121636_052-scaled.jpg\" \/>\n\t<meta property=\"og:image:width\" content=\"2560\" \/>\n\t<meta property=\"og:image:height\" content=\"1088\" \/>\n\t<meta property=\"og:image:type\" content=\"image\/jpeg\" \/>\n<meta name=\"twitter:card\" content=\"summary_large_image\" \/>\n<meta name=\"twitter:label1\" content=\"Arvioitu lukuaika\" \/>\n\t<meta name=\"twitter:data1\" content=\"2 minuuttia\" \/>\n<script type=\"application\/ld+json\" class=\"yoast-schema-graph\">{\"@context\":\"https:\\\/\\\/schema.org\",\"@graph\":[{\"@type\":\"WebPage\",\"@id\":\"https:\\\/\\\/www.satalogistics.fi\\\/index.php\\\/kalusto\\\/\",\"url\":\"https:\\\/\\\/www.satalogistics.fi\\\/index.php\\\/kalusto\\\/\",\"name\":\"KALUSTO -\",\"isPartOf\":{\"@id\":\"https:\\\/\\\/www.satalogistics.fi\\\/#website\"},\"primaryImageOfPage\":{\"@id\":\"https:\\\/\\\/www.satalogistics.fi\\\/index.php\\\/kalusto\\\/#primaryimage\"},\"image\":{\"@id\":\"https:\\\/\\\/www.satalogistics.fi\\\/index.php\\\/kalusto\\\/#primaryimage\"},\"thumbnailUrl\":\"https:\\\/\\\/www.satalogistics.fi\\\/wp-content\\\/uploads\\\/2024\\\/05\\\/cropped-IMG_20240503_121636_052-768x326.jpg\",\"datePublished\":\"2020-01-31T16:26:56+00:00\",\"dateModified\":\"2026-04-09T16:45:55+00:00\",\"description\":\"kalusto kuljetus logistiikka kuljetuspalvelu liikenn\u00f6inti logistiikka transport kuljetusliike logistics pikakuljetus sopimusliikenne\",\"breadcrumb\":{\"@id\":\"https:\\\/\\\/www.satalogistics.fi\\\/index.php\\\/kalusto\\\/#breadcrumb\"},\"inLanguage\":\"fi\",\"potentialAction\":[{\"@type\":\"ReadAction\",\"target\":[\"https:\\\/\\\/www.satalogistics.fi\\\/index.php\\\/kalusto\\\/\"]}]},{\"@type\":\"ImageObject\",\"inLanguage\":\"fi\",\"@id\":\"https:\\\/\\\/www.satalogistics.fi\\\/index.php\\\/kalusto\\\/#primaryimage\",\"url\":\"https:\\\/\\\/www.satalogistics.fi\\\/wp-content\\\/uploads\\\/2024\\\/05\\\/cropped-IMG_20240503_121636_052-scaled.jpg\",\"contentUrl\":\"https:\\\/\\\/www.satalogistics.fi\\\/wp-content\\\/uploads\\\/2024\\\/05\\\/cropped-IMG_20240503_121636_052-scaled.jpg\",\"width\":2560,\"height\":1088},{\"@type\":\"BreadcrumbList\",\"@id\":\"https:\\\/\\\/www.satalogistics.fi\\\/index.php\\\/kalusto\\\/#breadcrumb\",\"itemListElement\":[{\"@type\":\"ListItem\",\"position\":1,\"name\":\"Etusivu\",\"item\":\"https:\\\/\\\/www.satalogistics.fi\\\/\"},{\"@type\":\"ListItem\",\"position\":2,\"name\":\"KALUSTO\"}]},{\"@type\":\"WebSite\",\"@id\":\"https:\\\/\\\/www.satalogistics.fi\\\/#website\",\"url\":\"https:\\\/\\\/www.satalogistics.fi\\\/\",\"name\":\"\",\"description\":\"Luotettavaa ja t\u00e4sm\u00e4llist\u00e4 kuljetuspalvelua yrityksille. Satalogistics tarjoaa joustavat toimitukset, selke\u00e4n viestinn\u00e4n ja sujuvan yhteisty\u00f6n Satakunnassa ja koko Suomessa.\",\"potentialAction\":[{\"@type\":\"SearchAction\",\"target\":{\"@type\":\"EntryPoint\",\"urlTemplate\":\"https:\\\/\\\/www.satalogistics.fi\\\/?s={search_term_string}\"},\"query-input\":{\"@type\":\"PropertyValueSpecification\",\"valueRequired\":true,\"valueName\":\"search_term_string\"}}],\"inLanguage\":\"fi\"}]}<\/script>\n<!-- \/ Yoast SEO plugin. -->","yoast_head_json":{"title":"KALUSTO -","description":"kalusto kuljetus logistiikka kuljetuspalvelu liikenn\u00f6inti logistiikka transport kuljetusliike logistics pikakuljetus sopimusliikenne","robots":{"index":"index","follow":"follow","max-snippet":"max-snippet:-1","max-image-preview":"max-image-preview:large","max-video-preview":"max-video-preview:-1"},"canonical":"https:\/\/www.satalogistics.fi\/index.php\/kalusto\/","og_locale":"fi_FI","og_type":"article","og_title":"KALUSTO -","og_description":"kalusto kuljetus logistiikka kuljetuspalvelu liikenn\u00f6inti logistiikka transport kuljetusliike logistics pikakuljetus sopimusliikenne","og_url":"https:\/\/www.satalogistics.fi\/index.php\/kalusto\/","article_modified_time":"2026-04-09T16:45:55+00:00","og_image":[{"width":2560,"height":1088,"url":"https:\/\/www.satalogistics.fi\/wp-content\/uploads\/2024\/05\/cropped-IMG_20240503_121636_052-scaled.jpg","type":"image\/jpeg"}],"twitter_card":"summary_large_image","twitter_misc":{"Arvioitu lukuaika":"2 minuuttia"},"schema":{"@context":"https:\/\/schema.org","@graph":[{"@type":"WebPage","@id":"https:\/\/www.satalogistics.fi\/index.php\/kalusto\/","url":"https:\/\/www.satalogistics.fi\/index.php\/kalusto\/","name":"KALUSTO -","isPartOf":{"@id":"https:\/\/www.satalogistics.fi\/#website"},"primaryImageOfPage":{"@id":"https:\/\/www.satalogistics.fi\/index.php\/kalusto\/#primaryimage"},"image":{"@id":"https:\/\/www.satalogistics.fi\/index.php\/kalusto\/#primaryimage"},"thumbnailUrl":"https:\/\/www.satalogistics.fi\/wp-content\/uploads\/2024\/05\/cropped-IMG_20240503_121636_052-768x326.jpg","datePublished":"2020-01-31T16:26:56+00:00","dateModified":"2026-04-09T16:45:55+00:00","description":"kalusto kuljetus logistiikka kuljetuspalvelu liikenn\u00f6inti logistiikka transport kuljetusliike logistics pikakuljetus sopimusliikenne","breadcrumb":{"@id":"https:\/\/www.satalogistics.fi\/index.php\/kalusto\/#breadcrumb"},"inLanguage":"fi","potentialAction":[{"@type":"ReadAction","target":["https:\/\/www.satalogistics.fi\/index.php\/kalusto\/"]}]},{"@type":"ImageObject","inLanguage":"fi","@id":"https:\/\/www.satalogistics.fi\/index.php\/kalusto\/#primaryimage","url":"https:\/\/www.satalogistics.fi\/wp-content\/uploads\/2024\/05\/cropped-IMG_20240503_121636_052-scaled.jpg","contentUrl":"https:\/\/www.satalogistics.fi\/wp-content\/uploads\/2024\/05\/cropped-IMG_20240503_121636_052-scaled.jpg","width":2560,"height":1088},{"@type":"BreadcrumbList","@id":"https:\/\/www.satalogistics.fi\/index.php\/kalusto\/#breadcrumb","itemListElement":[{"@type":"ListItem","position":1,"name":"Etusivu","item":"https:\/\/www.satalogistics.fi\/"},{"@type":"ListItem","position":2,"name":"KALUSTO"}]},{"@type":"WebSite","@id":"https:\/\/www.satalogistics.fi\/#website","url":"https:\/\/www.satalogistics.fi\/","name":"","description":"Luotettavaa ja t\u00e4sm\u00e4llist\u00e4 kuljetuspalvelua yrityksille. Satalogistics tarjoaa joustavat toimitukset, selke\u00e4n viestinn\u00e4n ja sujuvan yhteisty\u00f6n Satakunnassa ja koko Suomessa.","potentialAction":[{"@type":"SearchAction","target":{"@type":"EntryPoint","urlTemplate":"https:\/\/www.satalogistics.fi\/?s={search_term_string}"},"query-input":{"@type":"PropertyValueSpecification","valueRequired":true,"valueName":"search_term_string"}}],"inLanguage":"fi"}]}},"_links":{"self":[{"href":"https:\/\/www.satalogistics.fi\/index.php\/wp-json\/wp\/v2\/pages\/26","targetHints":{"allow":["GET"]}}],"collection":[{"href":"https:\/\/www.satalogistics.fi\/index.php\/wp-json\/wp\/v2\/pages"}],"about":[{"href":"https:\/\/www.satalogistics.fi\/index.php\/wp-json\/wp\/v2\/types\/page"}],"author":[{"embeddable":true,"href":"https:\/\/www.satalogistics.fi\/index.php\/wp-json\/wp\/v2\/users\/1"}],"replies":[{"embeddable":true,"href":"https:\/\/www.satalogistics.fi\/index.php\/wp-json\/wp\/v2\/comments?post=26"}],"version-history":[{"count":120,"href":"https:\/\/www.satalogistics.fi\/index.php\/wp-json\/wp\/v2\/pages\/26\/revisions"}],"predecessor-version":[{"id":1496,"href":"https:\/\/www.satalogistics.fi\/index.php\/wp-json\/wp\/v2\/pages\/26\/revisions\/1496"}],"wp:attachment":[{"href":"https:\/\/www.satalogistics.fi\/index.php\/wp-json\/wp\/v2\/media?parent=26"}],"curies":[{"name":"wp","href":"https:\/\/api.w.org\/{rel}","templated":true}]}}