{"id":24,"date":"2020-01-31T15:48:10","date_gmt":"2020-01-31T15:48:10","guid":{"rendered":"http:\/\/www.satalogistics.fi\/?page_id=24"},"modified":"2026-04-09T17:45:28","modified_gmt":"2026-04-09T14:45:28","slug":"palvelut","status":"publish","type":"page","link":"https:\/\/www.satalogistics.fi\/index.php\/palvelut\/","title":{"rendered":"MEIST\u00c4"},"content":{"rendered":"\t\t<div data-elementor-type=\"wp-page\" data-elementor-id=\"24\" class=\"elementor elementor-24\">\n\t\t\t\t\t\t<section class=\"elementor-section elementor-top-section elementor-element elementor-element-4d2245e9 elementor-section-boxed elementor-section-height-default elementor-section-height-default\" data-id=\"4d2245e9\" data-element_type=\"section\" data-e-type=\"section\">\n\t\t\t\t\t\t<div class=\"elementor-container elementor-column-gap-default\">\n\t\t\t\t\t<div class=\"elementor-column elementor-col-100 elementor-top-column elementor-element elementor-element-6cdca8ac\" data-id=\"6cdca8ac\" data-element_type=\"column\" data-e-type=\"column\">\n\t\t\t<div class=\"elementor-widget-wrap elementor-element-populated\">\n\t\t\t\t\t\t<div class=\"elementor-element elementor-element-27f370fa elementor-invisible elementor-widget elementor-widget-text-editor\" data-id=\"27f370fa\" data-element_type=\"widget\" data-e-type=\"widget\" data-settings=\"{&quot;_animation&quot;:&quot;fadeIn&quot;}\" data-widget_type=\"text-editor.default\">\n\t\t\t\t<div class=\"elementor-widget-container\">\n\t\t\t\t\t\t\t\t\t<h2>Satalogistics \u2013 Yli vuosikymmen luotettavaa kuljetuspalvelua<\/h2>\t\t\t\t\t\t\t\t<\/div>\n\t\t\t\t<\/div>\n\t\t\t\t\t<\/div>\n\t\t<\/div>\n\t\t\t\t\t<\/div>\n\t\t<\/section>\n\t\t<div class=\"elementor-element elementor-element-a0501d9 e-flex e-con-boxed e-con e-parent\" data-id=\"a0501d9\" data-element_type=\"container\" data-e-type=\"container\">\n\t\t\t\t\t<div class=\"e-con-inner\">\n\t\t<div class=\"elementor-element elementor-element-b9fd577 e-con-full e-flex e-con e-child\" data-id=\"b9fd577\" data-element_type=\"container\" data-e-type=\"container\">\n\t\t\t\t<div class=\"elementor-element elementor-element-341ffc3 elementor-widget elementor-widget-text-editor\" data-id=\"341ffc3\" data-element_type=\"widget\" data-e-type=\"widget\" data-widget_type=\"text-editor.default\">\n\t\t\t\t<div class=\"elementor-widget-container\">\n\t\t\t\t\t\t\t\t\t<p data-path-to-node=\"11\">Satalogistics on syntynyt puhtaasta intohimosta raskaaseen kalustoon ja toimivaan logistiikkaan. Yli kahden vuosikymmenen kokemus alalta on opettanut, ett\u00e4 logistiikassa t\u00e4rkeint\u00e4 on luottamus, joustavuus ja se, ett\u00e4 asiat tehd\u00e4\u00e4n kerralla oikein.<\/p><p data-path-to-node=\"12\">Vaikka yrityksen vet\u00e4j\u00e4 ja omistaja on edelleen vahvasti itse kiinni arjen ratissa, toimintamme ytimess\u00e4 on kyky hallita ja organisoida isompia kokonaisuuksia laajan kumppaniverkoston tuella. Tied\u00e4mme tasan tarkkaan, mit\u00e4 ratin takana vaaditaan. Vaadimme paitsi itselt\u00e4mme, my\u00f6s koko verkostoltamme ehdotonta luotettavuutta, kaluston siisteytt\u00e4 ja ensiluokkaista asiakaspalveluasennetta. Emme tarjoa tyhji\u00e4 lupauksia, vaan rautaista suorittamista asiakkaan ehdoilla.<\/p>\t\t\t\t\t\t\t\t<\/div>\n\t\t\t\t<\/div>\n\t\t\t\t<\/div>\n\t\t<div class=\"elementor-element elementor-element-d1a10f8 e-con-full e-flex e-con e-child\" data-id=\"d1a10f8\" data-element_type=\"container\" data-e-type=\"container\">\n\t\t\t\t<div class=\"elementor-element elementor-element-9a9f8ef elementor-widget elementor-widget-image\" data-id=\"9a9f8ef\" data-element_type=\"widget\" data-e-type=\"widget\" data-widget_type=\"image.default\">\n\t\t\t\t<div class=\"elementor-widget-container\">\n\t\t\t\t\t\t\t\t\t\t\t\t\t\t\t<img fetchpriority=\"high\" decoding=\"async\" width=\"300\" height=\"225\" src=\"https:\/\/www.satalogistics.fi\/wp-content\/uploads\/2026\/04\/volvo-300x225.jpg\" class=\"attachment-medium size-medium wp-image-1452\" alt=\"\" srcset=\"https:\/\/www.satalogistics.fi\/wp-content\/uploads\/2026\/04\/volvo-300x225.jpg 300w, https:\/\/www.satalogistics.fi\/wp-content\/uploads\/2026\/04\/volvo-1024x768.jpg 1024w, https:\/\/www.satalogistics.fi\/wp-content\/uploads\/2026\/04\/volvo-768x576.jpg 768w, https:\/\/www.satalogistics.fi\/wp-content\/uploads\/2026\/04\/volvo.jpg 1195w\" sizes=\"(max-width: 300px) 100vw, 300px\" \/>\t\t\t\t\t\t\t\t\t\t\t\t\t\t\t<\/div>\n\t\t\t\t<\/div>\n\t\t\t\t<\/div>\n\t\t\t\t\t<\/div>\n\t\t\t\t<\/div>\n\t\t\t\t<\/div>\n\t\t","protected":false},"excerpt":{"rendered":"<p>Satalogistics \u2013 Yli vuosikymmen luotettavaa kuljetuspalvelua Satalogistics on syntynyt puhtaasta intohimosta raskaaseen kalustoon ja toimivaan logistiikkaan. Yli kahden vuosikymmenen kokemus [&hellip;]<\/p>\n","protected":false},"author":1,"featured_media":0,"parent":0,"menu_order":0,"comment_status":"closed","ping_status":"closed","template":"","meta":{"site-sidebar-layout":"default","site-content-layout":"","ast-site-content-layout":"default","site-content-style":"default","site-sidebar-style":"default","ast-global-header-display":"","ast-banner-title-visibility":"","ast-main-header-display":"","ast-hfb-above-header-display":"","ast-hfb-below-header-display":"","ast-hfb-mobile-header-display":"","site-post-title":"disabled","ast-breadcrumbs-content":"","ast-featured-img":"","footer-sml-layout":"","ast-disable-related-posts":"","theme-transparent-header-meta":"","adv-header-id-meta":"","stick-header-meta":"","header-above-stick-meta":"","header-main-stick-meta":"","header-below-stick-meta":"","astra-migrate-meta-layouts":"default","ast-page-background-enabled":"default","ast-page-background-meta":{"desktop":{"background-color":"var(--ast-global-color-5)","background-image":"","background-repeat":"repeat","background-position":"center center","background-size":"auto","background-attachment":"scroll","background-type":"","background-media":"","overlay-type":"","overlay-color":"","overlay-opacity":"","overlay-gradient":""},"tablet":{"background-color":"","background-image":"","background-repeat":"repeat","background-position":"center center","background-size":"auto","background-attachment":"scroll","background-type":"","background-media":"","overlay-type":"","overlay-color":"","overlay-opacity":"","overlay-gradient":""},"mobile":{"background-color":"","background-image":"","background-repeat":"repeat","background-position":"center center","background-size":"auto","background-attachment":"scroll","background-type":"","background-media":"","overlay-type":"","overlay-color":"","overlay-opacity":"","overlay-gradient":""}},"ast-content-background-meta":{"desktop":{"background-color":"var(--ast-global-color-4)","background-image":"","background-repeat":"repeat","background-position":"center center","background-size":"auto","background-attachment":"scroll","background-type":"","background-media":"","overlay-type":"","overlay-color":"","overlay-opacity":"","overlay-gradient":""},"tablet":{"background-color":"var(--ast-global-color-4)","background-image":"","background-repeat":"repeat","background-position":"center center","background-size":"auto","background-attachment":"scroll","background-type":"","background-media":"","overlay-type":"","overlay-color":"","overlay-opacity":"","overlay-gradient":""},"mobile":{"background-color":"var(--ast-global-color-4)","background-image":"","background-repeat":"repeat","background-position":"center center","background-size":"auto","background-attachment":"scroll","background-type":"","background-media":"","overlay-type":"","overlay-color":"","overlay-opacity":"","overlay-gradient":""}},"footnotes":""},"class_list":["post-24","page","type-page","status-publish","hentry"],"yoast_head":"<!-- This site is optimized with the Yoast SEO plugin v27.3 - https:\/\/yoast.com\/product\/yoast-seo-wordpress\/ -->\n<title>MEIST\u00c4 -<\/title>\n<meta name=\"robots\" content=\"index, follow, max-snippet:-1, max-image-preview:large, max-video-preview:-1\" \/>\n<link rel=\"canonical\" href=\"https:\/\/www.satalogistics.fi\/index.php\/palvelut\/\" \/>\n<meta property=\"og:locale\" content=\"fi_FI\" \/>\n<meta property=\"og:type\" content=\"article\" \/>\n<meta property=\"og:title\" content=\"MEIST\u00c4 -\" \/>\n<meta property=\"og:description\" content=\"Satalogistics \u2013 Yli vuosikymmen luotettavaa kuljetuspalvelua Satalogistics on syntynyt puhtaasta intohimosta raskaaseen kalustoon ja toimivaan logistiikkaan. Yli kahden vuosikymmenen kokemus [&hellip;]\" \/>\n<meta property=\"og:url\" content=\"https:\/\/www.satalogistics.fi\/index.php\/palvelut\/\" \/>\n<meta property=\"article:modified_time\" content=\"2026-04-09T14:45:28+00:00\" \/>\n<meta property=\"og:image\" content=\"https:\/\/www.satalogistics.fi\/wp-content\/uploads\/2026\/04\/volvo.jpg\" \/>\n\t<meta property=\"og:image:width\" content=\"1195\" \/>\n\t<meta property=\"og:image:height\" content=\"896\" \/>\n\t<meta property=\"og:image:type\" content=\"image\/jpeg\" \/>\n<meta name=\"twitter:card\" content=\"summary_large_image\" \/>\n<meta name=\"twitter:label1\" content=\"Arvioitu lukuaika\" \/>\n\t<meta name=\"twitter:data1\" content=\"2 minuuttia\" \/>\n<script type=\"application\/ld+json\" class=\"yoast-schema-graph\">{\"@context\":\"https:\\\/\\\/schema.org\",\"@graph\":[{\"@type\":\"WebPage\",\"@id\":\"https:\\\/\\\/www.satalogistics.fi\\\/index.php\\\/palvelut\\\/\",\"url\":\"https:\\\/\\\/www.satalogistics.fi\\\/index.php\\\/palvelut\\\/\",\"name\":\"MEIST\u00c4 -\",\"isPartOf\":{\"@id\":\"https:\\\/\\\/www.satalogistics.fi\\\/#website\"},\"primaryImageOfPage\":{\"@id\":\"https:\\\/\\\/www.satalogistics.fi\\\/index.php\\\/palvelut\\\/#primaryimage\"},\"image\":{\"@id\":\"https:\\\/\\\/www.satalogistics.fi\\\/index.php\\\/palvelut\\\/#primaryimage\"},\"thumbnailUrl\":\"https:\\\/\\\/www.satalogistics.fi\\\/wp-content\\\/uploads\\\/2026\\\/04\\\/volvo-300x225.jpg\",\"datePublished\":\"2020-01-31T15:48:10+00:00\",\"dateModified\":\"2026-04-09T14:45:28+00:00\",\"breadcrumb\":{\"@id\":\"https:\\\/\\\/www.satalogistics.fi\\\/index.php\\\/palvelut\\\/#breadcrumb\"},\"inLanguage\":\"fi\",\"potentialAction\":[{\"@type\":\"ReadAction\",\"target\":[\"https:\\\/\\\/www.satalogistics.fi\\\/index.php\\\/palvelut\\\/\"]}]},{\"@type\":\"ImageObject\",\"inLanguage\":\"fi\",\"@id\":\"https:\\\/\\\/www.satalogistics.fi\\\/index.php\\\/palvelut\\\/#primaryimage\",\"url\":\"https:\\\/\\\/www.satalogistics.fi\\\/wp-content\\\/uploads\\\/2026\\\/04\\\/volvo.jpg\",\"contentUrl\":\"https:\\\/\\\/www.satalogistics.fi\\\/wp-content\\\/uploads\\\/2026\\\/04\\\/volvo.jpg\",\"width\":1195,\"height\":896},{\"@type\":\"BreadcrumbList\",\"@id\":\"https:\\\/\\\/www.satalogistics.fi\\\/index.php\\\/palvelut\\\/#breadcrumb\",\"itemListElement\":[{\"@type\":\"ListItem\",\"position\":1,\"name\":\"Etusivu\",\"item\":\"https:\\\/\\\/www.satalogistics.fi\\\/\"},{\"@type\":\"ListItem\",\"position\":2,\"name\":\"MEIST\u00c4\"}]},{\"@type\":\"WebSite\",\"@id\":\"https:\\\/\\\/www.satalogistics.fi\\\/#website\",\"url\":\"https:\\\/\\\/www.satalogistics.fi\\\/\",\"name\":\"\",\"description\":\"Luotettavaa ja t\u00e4sm\u00e4llist\u00e4 kuljetuspalvelua yrityksille. Satalogistics tarjoaa joustavat toimitukset, selke\u00e4n viestinn\u00e4n ja sujuvan yhteisty\u00f6n Satakunnassa ja koko Suomessa.\",\"potentialAction\":[{\"@type\":\"SearchAction\",\"target\":{\"@type\":\"EntryPoint\",\"urlTemplate\":\"https:\\\/\\\/www.satalogistics.fi\\\/?s={search_term_string}\"},\"query-input\":{\"@type\":\"PropertyValueSpecification\",\"valueRequired\":true,\"valueName\":\"search_term_string\"}}],\"inLanguage\":\"fi\"}]}<\/script>\n<!-- \/ Yoast SEO plugin. -->","yoast_head_json":{"title":"MEIST\u00c4 -","robots":{"index":"index","follow":"follow","max-snippet":"max-snippet:-1","max-image-preview":"max-image-preview:large","max-video-preview":"max-video-preview:-1"},"canonical":"https:\/\/www.satalogistics.fi\/index.php\/palvelut\/","og_locale":"fi_FI","og_type":"article","og_title":"MEIST\u00c4 -","og_description":"Satalogistics \u2013 Yli vuosikymmen luotettavaa kuljetuspalvelua Satalogistics on syntynyt puhtaasta intohimosta raskaaseen kalustoon ja toimivaan logistiikkaan. Yli kahden vuosikymmenen kokemus [&hellip;]","og_url":"https:\/\/www.satalogistics.fi\/index.php\/palvelut\/","article_modified_time":"2026-04-09T14:45:28+00:00","og_image":[{"width":1195,"height":896,"url":"https:\/\/www.satalogistics.fi\/wp-content\/uploads\/2026\/04\/volvo.jpg","type":"image\/jpeg"}],"twitter_card":"summary_large_image","twitter_misc":{"Arvioitu lukuaika":"2 minuuttia"},"schema":{"@context":"https:\/\/schema.org","@graph":[{"@type":"WebPage","@id":"https:\/\/www.satalogistics.fi\/index.php\/palvelut\/","url":"https:\/\/www.satalogistics.fi\/index.php\/palvelut\/","name":"MEIST\u00c4 -","isPartOf":{"@id":"https:\/\/www.satalogistics.fi\/#website"},"primaryImageOfPage":{"@id":"https:\/\/www.satalogistics.fi\/index.php\/palvelut\/#primaryimage"},"image":{"@id":"https:\/\/www.satalogistics.fi\/index.php\/palvelut\/#primaryimage"},"thumbnailUrl":"https:\/\/www.satalogistics.fi\/wp-content\/uploads\/2026\/04\/volvo-300x225.jpg","datePublished":"2020-01-31T15:48:10+00:00","dateModified":"2026-04-09T14:45:28+00:00","breadcrumb":{"@id":"https:\/\/www.satalogistics.fi\/index.php\/palvelut\/#breadcrumb"},"inLanguage":"fi","potentialAction":[{"@type":"ReadAction","target":["https:\/\/www.satalogistics.fi\/index.php\/palvelut\/"]}]},{"@type":"ImageObject","inLanguage":"fi","@id":"https:\/\/www.satalogistics.fi\/index.php\/palvelut\/#primaryimage","url":"https:\/\/www.satalogistics.fi\/wp-content\/uploads\/2026\/04\/volvo.jpg","contentUrl":"https:\/\/www.satalogistics.fi\/wp-content\/uploads\/2026\/04\/volvo.jpg","width":1195,"height":896},{"@type":"BreadcrumbList","@id":"https:\/\/www.satalogistics.fi\/index.php\/palvelut\/#breadcrumb","itemListElement":[{"@type":"ListItem","position":1,"name":"Etusivu","item":"https:\/\/www.satalogistics.fi\/"},{"@type":"ListItem","position":2,"name":"MEIST\u00c4"}]},{"@type":"WebSite","@id":"https:\/\/www.satalogistics.fi\/#website","url":"https:\/\/www.satalogistics.fi\/","name":"","description":"Luotettavaa ja t\u00e4sm\u00e4llist\u00e4 kuljetuspalvelua yrityksille. Satalogistics tarjoaa joustavat toimitukset, selke\u00e4n viestinn\u00e4n ja sujuvan yhteisty\u00f6n Satakunnassa ja koko Suomessa.","potentialAction":[{"@type":"SearchAction","target":{"@type":"EntryPoint","urlTemplate":"https:\/\/www.satalogistics.fi\/?s={search_term_string}"},"query-input":{"@type":"PropertyValueSpecification","valueRequired":true,"valueName":"search_term_string"}}],"inLanguage":"fi"}]}},"_links":{"self":[{"href":"https:\/\/www.satalogistics.fi\/index.php\/wp-json\/wp\/v2\/pages\/24","targetHints":{"allow":["GET"]}}],"collection":[{"href":"https:\/\/www.satalogistics.fi\/index.php\/wp-json\/wp\/v2\/pages"}],"about":[{"href":"https:\/\/www.satalogistics.fi\/index.php\/wp-json\/wp\/v2\/types\/page"}],"author":[{"embeddable":true,"href":"https:\/\/www.satalogistics.fi\/index.php\/wp-json\/wp\/v2\/users\/1"}],"replies":[{"embeddable":true,"href":"https:\/\/www.satalogistics.fi\/index.php\/wp-json\/wp\/v2\/comments?post=24"}],"version-history":[{"count":86,"href":"https:\/\/www.satalogistics.fi\/index.php\/wp-json\/wp\/v2\/pages\/24\/revisions"}],"predecessor-version":[{"id":1477,"href":"https:\/\/www.satalogistics.fi\/index.php\/wp-json\/wp\/v2\/pages\/24\/revisions\/1477"}],"wp:attachment":[{"href":"https:\/\/www.satalogistics.fi\/index.php\/wp-json\/wp\/v2\/media?parent=24"}],"curies":[{"name":"wp","href":"https:\/\/api.w.org\/{rel}","templated":true}]}}