{"id":1406,"date":"2026-04-07T21:31:14","date_gmt":"2026-04-07T18:31:14","guid":{"rendered":"https:\/\/www.satalogistics.fi\/?page_id=1406"},"modified":"2026-04-09T17:53:21","modified_gmt":"2026-04-09T14:53:21","slug":"palvelut-2","status":"publish","type":"page","link":"https:\/\/www.satalogistics.fi\/index.php\/palvelut-2\/","title":{"rendered":"PALVELUT"},"content":{"rendered":"\t\t<div data-elementor-type=\"wp-page\" data-elementor-id=\"1406\" class=\"elementor elementor-1406\">\n\t\t\t\t<div class=\"elementor-element elementor-element-7846d5f e-flex e-con-boxed e-con e-parent\" data-id=\"7846d5f\" data-element_type=\"container\" data-e-type=\"container\">\n\t\t\t\t\t<div class=\"e-con-inner\">\n\t\t\t\t<div class=\"elementor-element elementor-element-5f84362 elementor-widget elementor-widget-heading\" data-id=\"5f84362\" data-element_type=\"widget\" data-e-type=\"widget\" data-widget_type=\"heading.default\">\n\t\t\t\t<div class=\"elementor-widget-container\">\n\t\t\t\t\t<h2 class=\"elementor-heading-title elementor-size-default\">Joustavat kuljetuspalvelut yrityksille \u2013 S\u00e4kyl\u00e4st\u00e4 koko Suomeen\n<\/h2>\t\t\t\t<\/div>\n\t\t\t\t<\/div>\n\t\t\t\t\t<\/div>\n\t\t\t\t<\/div>\n\t\t<div class=\"elementor-element elementor-element-8ccdfce e-grid e-con-boxed e-con e-parent\" data-id=\"8ccdfce\" data-element_type=\"container\" data-e-type=\"container\">\n\t\t\t\t\t<div class=\"e-con-inner\">\n\t\t\t\t<div class=\"elementor-element elementor-element-6986a80 elementor-widget elementor-widget-text-editor\" data-id=\"6986a80\" data-element_type=\"widget\" data-e-type=\"widget\" data-widget_type=\"text-editor.default\">\n\t\t\t\t<div class=\"elementor-widget-container\">\n\t\t\t\t\t\t\t\t\t<p data-path-to-node=\"7\"><b data-path-to-node=\"7\" data-index-in-node=\"0\">1. \u00c4\u00e4rimm\u00e4isen herk\u00e4n rahdin ja elintarvikkeiden kuljetukset<\/b> Olemme erikoistuneet poikkeuksellista huolellisuutta vaativan ja l\u00e4mp\u00f6s\u00e4\u00e4dellyn elintarvikerahdin turvalliseen k\u00e4sittelyyn. Tied\u00e4mme, mit\u00e4 pehme\u00e4 ja ennakoiva ajotapa vaatii raskaalta kalustolta vaihtelevissa olosuhteissa ja haastavilla tieosuuksilla. Kun tavaran on oltava perill\u00e4 ehdottomasti moitteettomassa kunnossa, meihin voit luottaa.<\/p><p data-path-to-node=\"8\"><b data-path-to-node=\"8\" data-index-in-node=\"0\">2. Konttiliikenne ja satamalogistiikka<\/b> Tarjoamme luotettavaa vetokapasiteettia satamien vienti- ja tuontiliikenteeseen. Lounais-Suomen sijaintimme tekee meist\u00e4 ihanteellisen solmukohdan teollisuuden ja Suomen suurimpien satamien (kuten Turku, Rauma, Vuosaari) v\u00e4lille. Kauttamme hoituvat peruskonttien lis\u00e4ksi my\u00f6s erikoiskalustoa vaativat kuljetukset, kuten pakastekonttien (reefer) siirrot.<\/p><p data-path-to-node=\"9\"><b data-path-to-node=\"9\" data-index-in-node=\"0\">3. Laajat kokonaisuudet ja joustava verkostomalli<\/b> Kun tarvitset kumppanin isompaan logistiikkaprojektiin tai jatkuvaan volyymiajoon, sinun ei tarvitse etsi\u00e4 useita eri autoilijoita. Oman laadukkaan kalustomme lis\u00e4ksi pystymme skaalaamaan kuljetuskapasiteettia nopeasti luotettavien kuljetusyritt\u00e4jien avulla. Sin\u00e4 saat yhden vastuullisen yhteyshenkil\u00f6n, kilpailukykyiset hinnat ja tinkim\u00e4tt\u00f6m\u00e4n ty\u00f6nj\u00e4ljen jokaiselle lavalle ja kontille.<\/p>\t\t\t\t\t\t\t\t<\/div>\n\t\t\t\t<\/div>\n\t\t\t\t\t<\/div>\n\t\t\t\t<\/div>\n\t\t\t\t<\/div>\n\t\t","protected":false},"excerpt":{"rendered":"<p>Joustavat kuljetuspalvelut yrityksille \u2013 S\u00e4kyl\u00e4st\u00e4 koko Suomeen 1. \u00c4\u00e4rimm\u00e4isen herk\u00e4n rahdin ja elintarvikkeiden kuljetukset Olemme erikoistuneet poikkeuksellista huolellisuutta vaativan ja [&hellip;]<\/p>\n","protected":false},"author":1,"featured_media":0,"parent":0,"menu_order":0,"comment_status":"closed","ping_status":"closed","template":"","meta":{"site-sidebar-layout":"default","site-content-layout":"","ast-site-content-layout":"default","site-content-style":"default","site-sidebar-style":"default","ast-global-header-display":"","ast-banner-title-visibility":"","ast-main-header-display":"","ast-hfb-above-header-display":"","ast-hfb-below-header-display":"","ast-hfb-mobile-header-display":"","site-post-title":"disabled","ast-breadcrumbs-content":"","ast-featured-img":"","footer-sml-layout":"","ast-disable-related-posts":"","theme-transparent-header-meta":"","adv-header-id-meta":"","stick-header-meta":"","header-above-stick-meta":"","header-main-stick-meta":"","header-below-stick-meta":"","astra-migrate-meta-layouts":"default","ast-page-background-enabled":"default","ast-page-background-meta":{"desktop":{"background-color":"var(--ast-global-color-5)","background-image":"","background-repeat":"repeat","background-position":"center center","background-size":"auto","background-attachment":"scroll","background-type":"","background-media":"","overlay-type":"","overlay-color":"","overlay-opacity":"","overlay-gradient":""},"tablet":{"background-color":"","background-image":"","background-repeat":"repeat","background-position":"center center","background-size":"auto","background-attachment":"scroll","background-type":"","background-media":"","overlay-type":"","overlay-color":"","overlay-opacity":"","overlay-gradient":""},"mobile":{"background-color":"","background-image":"","background-repeat":"repeat","background-position":"center center","background-size":"auto","background-attachment":"scroll","background-type":"","background-media":"","overlay-type":"","overlay-color":"","overlay-opacity":"","overlay-gradient":""}},"ast-content-background-meta":{"desktop":{"background-color":"var(--ast-global-color-4)","background-image":"","background-repeat":"repeat","background-position":"center center","background-size":"auto","background-attachment":"scroll","background-type":"","background-media":"","overlay-type":"","overlay-color":"","overlay-opacity":"","overlay-gradient":""},"tablet":{"background-color":"var(--ast-global-color-4)","background-image":"","background-repeat":"repeat","background-position":"center center","background-size":"auto","background-attachment":"scroll","background-type":"","background-media":"","overlay-type":"","overlay-color":"","overlay-opacity":"","overlay-gradient":""},"mobile":{"background-color":"var(--ast-global-color-4)","background-image":"","background-repeat":"repeat","background-position":"center center","background-size":"auto","background-attachment":"scroll","background-type":"","background-media":"","overlay-type":"","overlay-color":"","overlay-opacity":"","overlay-gradient":""}},"footnotes":""},"class_list":["post-1406","page","type-page","status-publish","hentry"],"yoast_head":"<!-- This site is optimized with the Yoast SEO plugin v27.3 - https:\/\/yoast.com\/product\/yoast-seo-wordpress\/ -->\n<title>PALVELUT -<\/title>\n<meta name=\"robots\" content=\"index, follow, max-snippet:-1, max-image-preview:large, max-video-preview:-1\" \/>\n<link rel=\"canonical\" href=\"https:\/\/www.satalogistics.fi\/index.php\/palvelut-2\/\" \/>\n<meta property=\"og:locale\" content=\"fi_FI\" \/>\n<meta property=\"og:type\" content=\"article\" \/>\n<meta property=\"og:title\" content=\"PALVELUT -\" \/>\n<meta property=\"og:description\" content=\"Joustavat kuljetuspalvelut yrityksille \u2013 S\u00e4kyl\u00e4st\u00e4 koko Suomeen 1. \u00c4\u00e4rimm\u00e4isen herk\u00e4n rahdin ja elintarvikkeiden kuljetukset Olemme erikoistuneet poikkeuksellista huolellisuutta vaativan ja [&hellip;]\" \/>\n<meta property=\"og:url\" content=\"https:\/\/www.satalogistics.fi\/index.php\/palvelut-2\/\" \/>\n<meta property=\"article:modified_time\" content=\"2026-04-09T14:53:21+00:00\" \/>\n<meta name=\"twitter:card\" content=\"summary_large_image\" \/>\n<meta name=\"twitter:label1\" content=\"Arvioitu lukuaika\" \/>\n\t<meta name=\"twitter:data1\" content=\"1 minuutti\" \/>\n<script type=\"application\/ld+json\" class=\"yoast-schema-graph\">{\"@context\":\"https:\\\/\\\/schema.org\",\"@graph\":[{\"@type\":\"WebPage\",\"@id\":\"https:\\\/\\\/www.satalogistics.fi\\\/index.php\\\/palvelut-2\\\/\",\"url\":\"https:\\\/\\\/www.satalogistics.fi\\\/index.php\\\/palvelut-2\\\/\",\"name\":\"PALVELUT -\",\"isPartOf\":{\"@id\":\"https:\\\/\\\/www.satalogistics.fi\\\/#website\"},\"datePublished\":\"2026-04-07T18:31:14+00:00\",\"dateModified\":\"2026-04-09T14:53:21+00:00\",\"breadcrumb\":{\"@id\":\"https:\\\/\\\/www.satalogistics.fi\\\/index.php\\\/palvelut-2\\\/#breadcrumb\"},\"inLanguage\":\"fi\",\"potentialAction\":[{\"@type\":\"ReadAction\",\"target\":[\"https:\\\/\\\/www.satalogistics.fi\\\/index.php\\\/palvelut-2\\\/\"]}]},{\"@type\":\"BreadcrumbList\",\"@id\":\"https:\\\/\\\/www.satalogistics.fi\\\/index.php\\\/palvelut-2\\\/#breadcrumb\",\"itemListElement\":[{\"@type\":\"ListItem\",\"position\":1,\"name\":\"Etusivu\",\"item\":\"https:\\\/\\\/www.satalogistics.fi\\\/\"},{\"@type\":\"ListItem\",\"position\":2,\"name\":\"PALVELUT\"}]},{\"@type\":\"WebSite\",\"@id\":\"https:\\\/\\\/www.satalogistics.fi\\\/#website\",\"url\":\"https:\\\/\\\/www.satalogistics.fi\\\/\",\"name\":\"\",\"description\":\"Luotettavaa ja t\u00e4sm\u00e4llist\u00e4 kuljetuspalvelua yrityksille. Satalogistics tarjoaa joustavat toimitukset, selke\u00e4n viestinn\u00e4n ja sujuvan yhteisty\u00f6n Satakunnassa ja koko Suomessa.\",\"potentialAction\":[{\"@type\":\"SearchAction\",\"target\":{\"@type\":\"EntryPoint\",\"urlTemplate\":\"https:\\\/\\\/www.satalogistics.fi\\\/?s={search_term_string}\"},\"query-input\":{\"@type\":\"PropertyValueSpecification\",\"valueRequired\":true,\"valueName\":\"search_term_string\"}}],\"inLanguage\":\"fi\"}]}<\/script>\n<!-- \/ Yoast SEO plugin. -->","yoast_head_json":{"title":"PALVELUT -","robots":{"index":"index","follow":"follow","max-snippet":"max-snippet:-1","max-image-preview":"max-image-preview:large","max-video-preview":"max-video-preview:-1"},"canonical":"https:\/\/www.satalogistics.fi\/index.php\/palvelut-2\/","og_locale":"fi_FI","og_type":"article","og_title":"PALVELUT -","og_description":"Joustavat kuljetuspalvelut yrityksille \u2013 S\u00e4kyl\u00e4st\u00e4 koko Suomeen 1. \u00c4\u00e4rimm\u00e4isen herk\u00e4n rahdin ja elintarvikkeiden kuljetukset Olemme erikoistuneet poikkeuksellista huolellisuutta vaativan ja [&hellip;]","og_url":"https:\/\/www.satalogistics.fi\/index.php\/palvelut-2\/","article_modified_time":"2026-04-09T14:53:21+00:00","twitter_card":"summary_large_image","twitter_misc":{"Arvioitu lukuaika":"1 minuutti"},"schema":{"@context":"https:\/\/schema.org","@graph":[{"@type":"WebPage","@id":"https:\/\/www.satalogistics.fi\/index.php\/palvelut-2\/","url":"https:\/\/www.satalogistics.fi\/index.php\/palvelut-2\/","name":"PALVELUT -","isPartOf":{"@id":"https:\/\/www.satalogistics.fi\/#website"},"datePublished":"2026-04-07T18:31:14+00:00","dateModified":"2026-04-09T14:53:21+00:00","breadcrumb":{"@id":"https:\/\/www.satalogistics.fi\/index.php\/palvelut-2\/#breadcrumb"},"inLanguage":"fi","potentialAction":[{"@type":"ReadAction","target":["https:\/\/www.satalogistics.fi\/index.php\/palvelut-2\/"]}]},{"@type":"BreadcrumbList","@id":"https:\/\/www.satalogistics.fi\/index.php\/palvelut-2\/#breadcrumb","itemListElement":[{"@type":"ListItem","position":1,"name":"Etusivu","item":"https:\/\/www.satalogistics.fi\/"},{"@type":"ListItem","position":2,"name":"PALVELUT"}]},{"@type":"WebSite","@id":"https:\/\/www.satalogistics.fi\/#website","url":"https:\/\/www.satalogistics.fi\/","name":"","description":"Luotettavaa ja t\u00e4sm\u00e4llist\u00e4 kuljetuspalvelua yrityksille. Satalogistics tarjoaa joustavat toimitukset, selke\u00e4n viestinn\u00e4n ja sujuvan yhteisty\u00f6n Satakunnassa ja koko Suomessa.","potentialAction":[{"@type":"SearchAction","target":{"@type":"EntryPoint","urlTemplate":"https:\/\/www.satalogistics.fi\/?s={search_term_string}"},"query-input":{"@type":"PropertyValueSpecification","valueRequired":true,"valueName":"search_term_string"}}],"inLanguage":"fi"}]}},"_links":{"self":[{"href":"https:\/\/www.satalogistics.fi\/index.php\/wp-json\/wp\/v2\/pages\/1406","targetHints":{"allow":["GET"]}}],"collection":[{"href":"https:\/\/www.satalogistics.fi\/index.php\/wp-json\/wp\/v2\/pages"}],"about":[{"href":"https:\/\/www.satalogistics.fi\/index.php\/wp-json\/wp\/v2\/types\/page"}],"author":[{"embeddable":true,"href":"https:\/\/www.satalogistics.fi\/index.php\/wp-json\/wp\/v2\/users\/1"}],"replies":[{"embeddable":true,"href":"https:\/\/www.satalogistics.fi\/index.php\/wp-json\/wp\/v2\/comments?post=1406"}],"version-history":[{"count":7,"href":"https:\/\/www.satalogistics.fi\/index.php\/wp-json\/wp\/v2\/pages\/1406\/revisions"}],"predecessor-version":[{"id":1480,"href":"https:\/\/www.satalogistics.fi\/index.php\/wp-json\/wp\/v2\/pages\/1406\/revisions\/1480"}],"wp:attachment":[{"href":"https:\/\/www.satalogistics.fi\/index.php\/wp-json\/wp\/v2\/media?parent=1406"}],"curies":[{"name":"wp","href":"https:\/\/api.w.org\/{rel}","templated":true}]}}